{"id":25,"date":"2024-11-01T02:09:00","date_gmt":"2024-11-01T02:09:00","guid":{"rendered":"https:\/\/loathanhtoan.vn\/vietinbank\/?page_id=25"},"modified":"2025-12-31T04:45:07","modified_gmt":"2025-12-31T04:45:07","slug":"dat-hang","status":"publish","type":"page","link":"https:\/\/loax.vn\/vietinbank\/dat-hang\/","title":{"rendered":"\u0110\u1eb7t h\u00e0ng"},"content":{"rendered":"\n<div class=\"info-grid-block-3\"><div class=\"bg-light\"><div class=\"container space-2 space-md-3\"><div class=\"w-md-60 w-lg-35 text-center mx-auto mb-9\"><h2 class=\"h5 font-weight-normal\">L\u1ef1a ch\u1ecdn h\u00ecnh th\u1ee9c mua h\u00e0ng<\/h2><\/div><div class=\"w-lg-85 mx-lg-auto\"><div class=\"card-deck d-block d-md-flex card-md-gutters-3\"><article class=\"card text-center\"><div class=\"card-body p-7\"><div id=\"SVGforSale\" class=\"w-75 mx-auto mb-6\"><div class=\"ugb-image-upload-placeholder ugb-image-upload-has-image\" role=\"button\" tabindex=\"0\" data-is-placeholder-visible=\"false\"><figure class=\"ie-support-man\"><img decoding=\"async\" class=\"js-svg-injector\" alt=\"Image\" src=\"https:\/\/loax.vn\/vietinbank\/wp-content\/themes\/front\/assets\/svg\/flat-icons\/for-sale.svg\" data-parent=\"#SVGforSale\"\/><\/figure><\/div><\/div><h3 class=\"h4 mb-3\">Mua l\u1ebb (s\u1eafp ra m\u1eaft)<\/h3><p class=\"mb-4\">Loa X VietinBank s\u1ebd s\u1edbm \u0111\u01b0\u1ee3c b\u00e1n \u1edf c\u00e1c k\u00eanh b\u00e1n l\u1ebb.<\/p><a href=\" https:\/\/zalo.me\/loaxofficial\" class=\"fgb-button btn fgb-button--align-center btn-soft-danger btn-sm btn-wide transition-3d-hover\"><div class=\"fgb-button--inner\">Mua t\u1ea1i website<\/div><span class=\"fas fa-shopping-cart ml-sm-2 ml-sm-1\"><\/span><\/a><\/div><\/article><article class=\"card text-center\"><div class=\"card-body p-7\"><div id=\"SVGbuyer\" class=\"w-75 mx-auto mb-6\"><div class=\"ugb-image-upload-placeholder ugb-image-upload-has-image\" role=\"button\" tabindex=\"0\" data-is-placeholder-visible=\"false\"><figure class=\"ie-list-app\"><img decoding=\"async\" class=\"js-svg-injector\" alt=\"Image\" src=\"https:\/\/loax.vn\/vietinbank\/wp-content\/themes\/front\/assets\/svg\/flat-icons\/buyer.svg\" data-parent=\"#SVGbuyer\"\/><\/figure><\/div><\/div><h3 class=\"h4 mb-3\">Mua s\u1ed1 l\u01b0\u1ee3ng l\u1edbn<\/h3><p class=\"mb-4\">Chi nh\u00e1nh\/PGD ng\u00e2n h\u00e0ng VietinBank \u0111\u1eb7t mua s\u1ed1 l\u01b0\u1ee3ng l\u1edbn<\/p><a href=\" https:\/\/zalo.me\/loaxofficial\" class=\"fgb-button btn fgb-button--align-center btn-soft-primary btn-sm btn-wide transition-3d-hover\"><div class=\"fgb-button--inner\">Li\u00ean h\u1ec7 b\u00e1o gi\u00e1<\/div><span class=\"fas fa-angle-right ml-sm-2 ml-sm-1\"><\/span><\/a><\/div><\/article><\/div><\/div><\/div><\/div><\/div>\n","protected":false},"excerpt":{"rendered":"","protected":false},"author":3,"featured_media":0,"parent":0,"menu_order":0,"comment_status":"closed","ping_status":"closed","template":"","meta":{"_front_options":"{\"isCustomHeader\":true,\"headerStaticContentID\":21,\"isCustomFooter\":true,\"footerStaticContentID\":113}","footnotes":""},"class_list":["post-25","page","type-page","status-publish","hentry"],"yoast_head":"<!-- This site is optimized with the Yoast SEO plugin v23.5 - https:\/\/yoast.com\/wordpress\/plugins\/seo\/ -->\n<title>\u0110\u1eb7t h\u00e0ng - Loa X VietinBank<\/title>\n<meta name=\"robots\" content=\"index, follow, max-snippet:-1, max-image-preview:large, max-video-preview:-1\" \/>\n<link rel=\"canonical\" href=\"https:\/\/loax.vn\/vietinbank\/dat-hang\/\" \/>\n<meta property=\"og:locale\" content=\"en_US\" \/>\n<meta property=\"og:type\" content=\"article\" \/>\n<meta property=\"og:title\" content=\"\u0110\u1eb7t h\u00e0ng - Loa X VietinBank\" \/>\n<meta property=\"og:url\" content=\"https:\/\/loax.vn\/vietinbank\/dat-hang\/\" \/>\n<meta property=\"og:site_name\" content=\"Loa X VietinBank\" \/>\n<meta property=\"article:modified_time\" content=\"2025-12-31T04:45:07+00:00\" \/>\n<meta property=\"og:image\" content=\"https:\/\/loax.vn\/vietinbank\/wp-content\/themes\/front\/assets\/svg\/flat-icons\/for-sale.svg\" \/>\n<meta name=\"twitter:card\" content=\"summary_large_image\" \/>\n<meta name=\"twitter:label1\" content=\"Est. reading time\" \/>\n\t<meta name=\"twitter:data1\" content=\"1 minute\" \/>\n<script type=\"application\/ld+json\" class=\"yoast-schema-graph\">{\"@context\":\"https:\/\/schema.org\",\"@graph\":[{\"@type\":\"WebPage\",\"@id\":\"https:\/\/loax.vn\/vietinbank\/dat-hang\/\",\"url\":\"https:\/\/loax.vn\/vietinbank\/dat-hang\/\",\"name\":\"\u0110\u1eb7t h\u00e0ng - Loa X VietinBank\",\"isPartOf\":{\"@id\":\"https:\/\/loax.vn\/vietinbank\/#website\"},\"primaryImageOfPage\":{\"@id\":\"https:\/\/loax.vn\/vietinbank\/dat-hang\/#primaryimage\"},\"image\":{\"@id\":\"https:\/\/loax.vn\/vietinbank\/dat-hang\/#primaryimage\"},\"thumbnailUrl\":\"https:\/\/loax.vn\/vietinbank\/wp-content\/themes\/front\/assets\/svg\/flat-icons\/for-sale.svg\",\"datePublished\":\"2024-11-01T02:09:00+00:00\",\"dateModified\":\"2025-12-31T04:45:07+00:00\",\"breadcrumb\":{\"@id\":\"https:\/\/loax.vn\/vietinbank\/dat-hang\/#breadcrumb\"},\"inLanguage\":\"en-US\",\"potentialAction\":[{\"@type\":\"ReadAction\",\"target\":[\"https:\/\/loax.vn\/vietinbank\/dat-hang\/\"]}]},{\"@type\":\"ImageObject\",\"inLanguage\":\"en-US\",\"@id\":\"https:\/\/loax.vn\/vietinbank\/dat-hang\/#primaryimage\",\"url\":\"https:\/\/loax.vn\/vietinbank\/wp-content\/themes\/front\/assets\/svg\/flat-icons\/for-sale.svg\",\"contentUrl\":\"https:\/\/loax.vn\/vietinbank\/wp-content\/themes\/front\/assets\/svg\/flat-icons\/for-sale.svg\"},{\"@type\":\"BreadcrumbList\",\"@id\":\"https:\/\/loax.vn\/vietinbank\/dat-hang\/#breadcrumb\",\"itemListElement\":[{\"@type\":\"ListItem\",\"position\":1,\"name\":\"Trang ch\u1ee7\",\"item\":\"https:\/\/loax.vn\/vietinbank\/\"},{\"@type\":\"ListItem\",\"position\":2,\"name\":\"\u0110\u1eb7t h\u00e0ng\"}]},{\"@type\":\"WebSite\",\"@id\":\"https:\/\/loax.vn\/vietinbank\/#website\",\"url\":\"https:\/\/loax.vn\/vietinbank\/\",\"name\":\"Loa X VietinBank\",\"description\":\"\",\"potentialAction\":[{\"@type\":\"SearchAction\",\"target\":{\"@type\":\"EntryPoint\",\"urlTemplate\":\"https:\/\/loax.vn\/vietinbank\/?s={search_term_string}\"},\"query-input\":{\"@type\":\"PropertyValueSpecification\",\"valueRequired\":true,\"valueName\":\"search_term_string\"}}],\"inLanguage\":\"en-US\"}]}<\/script>\n<!-- \/ Yoast SEO plugin. -->","yoast_head_json":{"title":"\u0110\u1eb7t h\u00e0ng - Loa X VietinBank","robots":{"index":"index","follow":"follow","max-snippet":"max-snippet:-1","max-image-preview":"max-image-preview:large","max-video-preview":"max-video-preview:-1"},"canonical":"https:\/\/loax.vn\/vietinbank\/dat-hang\/","og_locale":"en_US","og_type":"article","og_title":"\u0110\u1eb7t h\u00e0ng - Loa X VietinBank","og_url":"https:\/\/loax.vn\/vietinbank\/dat-hang\/","og_site_name":"Loa X VietinBank","article_modified_time":"2025-12-31T04:45:07+00:00","og_image":[{"url":"https:\/\/loax.vn\/vietinbank\/wp-content\/themes\/front\/assets\/svg\/flat-icons\/for-sale.svg"}],"twitter_card":"summary_large_image","twitter_misc":{"Est. reading time":"1 minute"},"schema":{"@context":"https:\/\/schema.org","@graph":[{"@type":"WebPage","@id":"https:\/\/loax.vn\/vietinbank\/dat-hang\/","url":"https:\/\/loax.vn\/vietinbank\/dat-hang\/","name":"\u0110\u1eb7t h\u00e0ng - Loa X VietinBank","isPartOf":{"@id":"https:\/\/loax.vn\/vietinbank\/#website"},"primaryImageOfPage":{"@id":"https:\/\/loax.vn\/vietinbank\/dat-hang\/#primaryimage"},"image":{"@id":"https:\/\/loax.vn\/vietinbank\/dat-hang\/#primaryimage"},"thumbnailUrl":"https:\/\/loax.vn\/vietinbank\/wp-content\/themes\/front\/assets\/svg\/flat-icons\/for-sale.svg","datePublished":"2024-11-01T02:09:00+00:00","dateModified":"2025-12-31T04:45:07+00:00","breadcrumb":{"@id":"https:\/\/loax.vn\/vietinbank\/dat-hang\/#breadcrumb"},"inLanguage":"en-US","potentialAction":[{"@type":"ReadAction","target":["https:\/\/loax.vn\/vietinbank\/dat-hang\/"]}]},{"@type":"ImageObject","inLanguage":"en-US","@id":"https:\/\/loax.vn\/vietinbank\/dat-hang\/#primaryimage","url":"https:\/\/loax.vn\/vietinbank\/wp-content\/themes\/front\/assets\/svg\/flat-icons\/for-sale.svg","contentUrl":"https:\/\/loax.vn\/vietinbank\/wp-content\/themes\/front\/assets\/svg\/flat-icons\/for-sale.svg"},{"@type":"BreadcrumbList","@id":"https:\/\/loax.vn\/vietinbank\/dat-hang\/#breadcrumb","itemListElement":[{"@type":"ListItem","position":1,"name":"Trang ch\u1ee7","item":"https:\/\/loax.vn\/vietinbank\/"},{"@type":"ListItem","position":2,"name":"\u0110\u1eb7t h\u00e0ng"}]},{"@type":"WebSite","@id":"https:\/\/loax.vn\/vietinbank\/#website","url":"https:\/\/loax.vn\/vietinbank\/","name":"Loa X VietinBank","description":"","potentialAction":[{"@type":"SearchAction","target":{"@type":"EntryPoint","urlTemplate":"https:\/\/loax.vn\/vietinbank\/?s={search_term_string}"},"query-input":{"@type":"PropertyValueSpecification","valueRequired":true,"valueName":"search_term_string"}}],"inLanguage":"en-US"}]}},"_links":{"self":[{"href":"https:\/\/loax.vn\/vietinbank\/wp-json\/wp\/v2\/pages\/25"}],"collection":[{"href":"https:\/\/loax.vn\/vietinbank\/wp-json\/wp\/v2\/pages"}],"about":[{"href":"https:\/\/loax.vn\/vietinbank\/wp-json\/wp\/v2\/types\/page"}],"author":[{"embeddable":true,"href":"https:\/\/loax.vn\/vietinbank\/wp-json\/wp\/v2\/users\/3"}],"replies":[{"embeddable":true,"href":"https:\/\/loax.vn\/vietinbank\/wp-json\/wp\/v2\/comments?post=25"}],"version-history":[{"count":5,"href":"https:\/\/loax.vn\/vietinbank\/wp-json\/wp\/v2\/pages\/25\/revisions"}],"predecessor-version":[{"id":109,"href":"https:\/\/loax.vn\/vietinbank\/wp-json\/wp\/v2\/pages\/25\/revisions\/109"}],"wp:attachment":[{"href":"https:\/\/loax.vn\/vietinbank\/wp-json\/wp\/v2\/media?parent=25"}],"curies":[{"name":"wp","href":"https:\/\/api.w.org\/{rel}","templated":true}]}}