{"id":179,"date":"2024-11-29T08:13:50","date_gmt":"2024-11-29T08:13:50","guid":{"rendered":"https:\/\/loathanhtoan.vn\/ocb\/?page_id=179"},"modified":"2025-10-10T08:41:14","modified_gmt":"2025-10-10T08:41:14","slug":"chinh-sach-bao-hanh-loa-x-ocb","status":"publish","type":"page","link":"https:\/\/loax.vn\/ocb\/chinh-sach-bao-hanh-loa-x-ocb\/","title":{"rendered":"Ch\u00ednh s\u00e1ch b\u1ea3o h\u00e0nh Loa X OCB"},"content":{"rendered":"\n<div class=\"terms-and-condition\"><div class=\"border-bottom pb-5 mb-5\" style=\"text-align:left\"><h1 class=\"text-primary\">Ch\u00ednh s\u00e1ch b\u1ea3o h\u00e0nh Loa X OCB<\/h1><p class=\"text-dark-50\">C\u00f3 hi\u1ec7u l\u1ef1c t\u1eeb ng\u00e0y 1 th\u00e1ng 10 n\u0103m 2024<\/p><\/div><\/div>\n\n\n\n<p>Loa X OCB lu\u00f4n n\u1ed7 l\u1ef1c mang \u0111\u1ebfn s\u1ea3n ph\u1ea9m loa ch\u1ea5t l\u01b0\u1ee3ng cao c\u00f9ng v\u1edbi ch\u00ednh s\u00e1ch b\u1ea3o h\u00e0nh r\u00f5 r\u00e0ng, minh b\u1ea1ch, nh\u1eb1m \u0111\u1ea3m b\u1ea3o quy\u1ec1n l\u1ee3i t\u1ed1i \u0111a cho kh\u00e1ch h\u00e0ng. D\u01b0\u1edbi \u0111\u00e2y l\u00e0 c\u00e1c \u0111i\u1ec1u ki\u1ec7n, th\u1eddi h\u1ea1n, c\u0169ng nh\u01b0 nh\u1eefng tr\u01b0\u1eddng h\u1ee3p t\u1eeb ch\u1ed1i b\u1ea3o h\u00e0nh \u0111\u1ec3 qu\u00fd kh\u00e1ch h\u00e0ng n\u1eafm r\u00f5 khi s\u1eed d\u1ee5ng s\u1ea3n ph\u1ea9m c\u1ee7a ch\u00fang t\u00f4i. Ch\u00fang t\u00f4i cam k\u1ebft h\u1ed7 tr\u1ee3 nhanh ch\u00f3ng v\u00e0 hi\u1ec7u qu\u1ea3, mang l\u1ea1i s\u1ef1 h\u00e0i l\u00f2ng t\u1ed1i \u0111a cho qu\u00fd kh\u00e1ch h\u00e0ng.<\/p>\n\n\n<div class=\"wp-block-image\">\n<figure class=\"aligncenter size-full is-resized\"><img loading=\"lazy\" decoding=\"async\" width=\"2260\" height=\"2011\" src=\"https:\/\/loax.vn\/ocb\/wp-content\/uploads\/sites\/2\/2024\/11\/Loa-OCB-1.png\" alt=\"\" class=\"wp-image-246\" style=\"width:329px;height:auto\"\/><\/figure><\/div>\n\n\n<p><strong><span style=\"color:#1e2022\" class=\"fgb-has-inline-color\">1. \u0110i\u1ec1u ki\u1ec7n \u0111\u01b0\u1ee3c b\u1ea3o h\u00e0nh<\/span><\/strong><\/p>\n\n\n\n<ul class=\"wp-block-list\">\n<li>Loa OCB ph\u1ea3i c\u00f3 tem b\u1ea3o h\u00e0nh c\u00f2n trong th\u1eddi h\u1ea1n s\u1eed d\u1ee5ng, nguy\u00ean v\u1eb9n, kh\u00f4ng c\u1ea1o s\u1eeda, t\u1ea9y x\u00f3a, ho\u1eb7c b\u1ecb h\u1ecfng.<\/li>\n\n\n\n<li>C\u00e1c h\u01b0 h\u1ecfng c\u1ee7a loa ph\u1ea3i do l\u1ed7i k\u1ef9 thu\u1eadt ho\u1eb7c l\u1ed7i t\u1eeb nh\u00e0 s\u1ea3n xu\u1ea5t.<\/li>\n\n\n\n<li>S\u1ea3n ph\u1ea9m c\u1ea7n \u0111\u1ea3m b\u1ea3o nguy\u00ean v\u1eb9n, kh\u00f4ng b\u1ecb cong v\u00eanh, r\u1ea1n n\u1ee9t, tr\u1ea7y x\u01b0\u1edbc, hay s\u1ee9t m\u1ebb. Loa ch\u01b0a b\u1ecb can thi\u1ec7p ph\u1ea7n c\u1ee9ng (nh\u01b0 th\u00e1o d\u1ee1 ho\u1eb7c t\u1ef1 s\u1eeda ch\u1eefa).<\/li>\n\n\n\n<li>S\u1ea3n ph\u1ea9m \u0111\u01b0\u1ee3c s\u1eed d\u1ee5ng \u0111\u00fang ngu\u1ed3n \u0111i\u1ec7n, kh\u00f4ng b\u1ecb c\u00f4n tr\u00f9ng x\u00e2m nh\u1eadp, ch\u00e1y n\u1ed5, hay h\u01b0 h\u1ecfng do m\u00f4i tr\u01b0\u1eddng \u1ea9m \u01b0\u1edbt.<\/li>\n<\/ul>\n\n\n\n<p><strong><span style=\"color:#1e2022\" class=\"fgb-has-inline-color\">2. Th\u1eddi h\u1ea1n b\u1ea3o h\u00e0nh Loa X OCB<\/span><\/strong><\/p>\n\n\n\n<p>Th\u1eddi h\u1ea1n b\u1ea3o h\u00e0nh l\u00e0 12 th\u00e1ng k\u1ec3 t\u1eeb ng\u00e0y k\u00edch ho\u1ea1t. Trong th\u1eddi gian n\u00e0y, n\u1ebfu loa g\u1eb7p l\u1ed7i k\u1ef9 thu\u1eadt do nh\u00e0 s\u1ea3n xu\u1ea5t, s\u1ea3n ph\u1ea9m s\u1ebd \u0111\u01b0\u1ee3c \u0111\u1ed5i m\u1edbi ho\u00e0n to\u00e0n.<\/p>\n\n\n\n<p><strong><span style=\"color:#1e2022\" class=\"fgb-has-inline-color\">3. T\u1eeb ch\u1ed1i b\u1ea3o h\u00e0nh trong c\u00e1c tr\u01b0\u1eddng h\u1ee3p sau:<\/span><\/strong><\/p>\n\n\n\n<ul class=\"wp-block-list\">\n<li>Loa kh\u00f4ng c\u00f2n tem ho\u1eb7c tem \u0111\u00e3 b\u1ecb h\u1ecfng.<\/li>\n\n\n\n<li>S\u1ea3n ph\u1ea9m b\u1ecb h\u01b0 h\u1ecfng do v\u1eadt t\u01b0 ti\u00eau hao ho\u1eb7c do va \u0111\u1eadp, r\u01a1i v\u1ee1, bi\u1ebfn d\u1ea1ng, hay g\u1ec9 s\u00e9t.<\/li>\n\n\n\n<li>Loa \u0111\u00e3 h\u1ebft th\u1eddi h\u1ea1n b\u1ea3o h\u00e0nh d\u1ef1a tr\u00ean tem, h\u00f3a \u0111\u01a1n mua h\u00e0ng.<\/li>\n\n\n\n<li>Thi\u1ebft b\u1ecb c\u00f3 d\u1ea5u hi\u1ec7u b\u1ecb ch\u00e1y n\u1ed5, b\u1ecb c\u00f4n tr\u00f9ng x\u00e2m nh\u1eadp ho\u1eb7c s\u1eed d\u1ee5ng trong m\u00f4i tr\u01b0\u1eddng \u1ea9m \u01b0\u1edbt.<\/li>\n\n\n\n<li>H\u01b0 h\u1ecfng do thi\u00ean tai, h\u1ecfa ho\u1ea1n, ngu\u1ed3n \u0111i\u1ec7n kh\u00f4ng \u1ed5n \u0111\u1ecbnh ho\u1eb7c v\u1eadn chuy\u1ec3n kh\u00f4ng \u0111\u00fang c\u00e1ch.<\/li>\n\n\n\n<li>Kh\u00e1ch h\u00e0ng t\u1ef1 \u00fd s\u1eeda ch\u1eefa thi\u1ebft b\u1ecb Loa.<\/li>\n<\/ul>\n\n\n\n<p><strong><span style=\"color:#1e2022\" class=\"fgb-has-inline-color\">4. Ph\u01b0\u01a1ng th\u1ee9c b\u1ea3o h\u00e0nh<\/span><\/strong><\/p>\n\n\n\n<ul class=\"wp-block-list\">\n<li>S\u1ea3n ph\u1ea9m h\u01b0 h\u1ecfng trong 12 th\u00e1ng \u0111\u1ea7u s\u1ebd \u0111\u01b0\u1ee3c \u0111\u1ed5i m\u1edbi ngay n\u1ebfu do l\u1ed7i nh\u00e0 s\u1ea3n xu\u1ea5t.<\/li>\n\n\n\n<li>Trong tr\u01b0\u1eddng h\u1ee3p loa kh\u00f4ng th\u1ec3 s\u1eeda ch\u1eefa v\u00e0 kh\u00f4ng c\u00f2n s\u1ea3n ph\u1ea9m t\u01b0\u01a1ng t\u1ef1, kh\u00e1ch h\u00e0ng c\u00f3 th\u1ec3 \u0111\u1ee3i \u0111\u1ec3 \u0111\u1ed5i s\u1ea3n ph\u1ea9m t\u01b0\u01a1ng \u0111\u01b0\u01a1ng ho\u1eb7c c\u00f3 gi\u00e1 tr\u1ecb cao h\u01a1n.<\/li>\n\n\n\n<li>Th\u1eddi gian b\u1ea3o h\u00e0nh t\u1eeb 05 &#8211; 07 ng\u00e0y sau khi ch\u00fang t\u00f4i nh\u1eadn \u0111\u01b0\u1ee3c loa v\u00e0 \u0111\u1ea3m b\u1ea3o loa b\u1ecb h\u1ecfng do l\u1ed7i t\u1eeb nh\u00e0 cung c\u1ea5p.<\/li>\n<\/ul>\n\n\n\n<p><strong><span style=\"color:#1e2022\" class=\"fgb-has-inline-color\">5. \u0110\u1ecba ch\u1ec9 b\u1ea3o h\u00e0nh Loa X OCB<\/span><\/strong><\/p>\n\n\n\n<p>Vui l\u00f2ng g\u1eedi thi\u1ebft b\u1ecb v\u1ec1 \u0111\u1ecba ch\u1ec9:<\/p>\n\n\n\n<ul class=\"wp-block-list\">\n<li>S\u0110T: 0392 170 511<\/li>\n\n\n\n<li>\u0110\u1ecba ch\u1ec9 Mi\u1ec1n Nam: Khu c\u00f4ng ngh\u1ec7 Ph\u1ea7n m\u1ec1m \u0110HQG TPHCM, Linh Trung, Th\u1ee7 \u0110\u1ee9c<\/li>\n<\/ul>\n\n\n\n<p><strong><span style=\"color:#1e2022\" class=\"fgb-has-inline-color\">6. Chi ph\u00ed v\u1eadn chuy\u1ec3n s\u1ea3n ph\u1ea9m b\u1ea3o h\u00e0nh<\/span><\/strong><\/p>\n\n\n\n<ul class=\"wp-block-list\">\n<li>Kh\u00e1ch h\u00e0ng t\u1ef1 ch\u1ecbu chi ph\u00ed v\u1eadn chuy\u1ec3n khi y\u00eau c\u1ea7u b\u1ea3o h\u00e0nh.<\/li>\n\n\n\n<li>Vui l\u00f2ng cung c\u1ea5p s\u1ed1 \u0111i\u1ec7n tho\u1ea1i \u0111\u1ec3 ch\u00fang t\u00f4i li\u00ean h\u1ec7 sau khi ho\u00e0n t\u1ea5t b\u1ea3o h\u00e0nh<\/li>\n<\/ul>\n\n\n\n<p><\/p>\n\n\n\n<p><\/p>\n\n\n\n<h2 class=\"wp-block-heading\">Th\u00f4ng tin li\u00ean h\u1ec7<\/h2>\n\n\n\n<p>Hotline: 0392 170 511 <\/p>\n\n\n\n<p>Zalo: 0332040374<\/p>\n\n\n\n<p><\/p>\n","protected":false},"excerpt":{"rendered":"<p>Loa X OCB lu\u00f4n n\u1ed7 l\u1ef1c mang \u0111\u1ebfn s\u1ea3n ph\u1ea9m loa ch\u1ea5t l\u01b0\u1ee3ng cao c\u00f9ng v\u1edbi ch\u00ednh s\u00e1ch b\u1ea3o h\u00e0nh r\u00f5 r\u00e0ng, minh b\u1ea1ch, nh\u1eb1m \u0111\u1ea3m b\u1ea3o quy\u1ec1n l\u1ee3i t\u1ed1i \u0111a cho kh\u00e1ch h\u00e0ng. D\u01b0\u1edbi \u0111\u00e2y l\u00e0 c\u00e1c \u0111i\u1ec1u ki\u1ec7n, th\u1eddi h\u1ea1n, c\u0169ng nh\u01b0 nh\u1eefng tr\u01b0\u1eddng h\u1ee3p t\u1eeb ch\u1ed1i b\u1ea3o h\u00e0nh \u0111\u1ec3 qu\u00fd kh\u00e1ch h\u00e0ng&#8230;<\/p>\n","protected":false},"author":3,"featured_media":0,"parent":0,"menu_order":0,"comment_status":"closed","ping_status":"closed","template":"","meta":{"_front_options":"{\"isCustomHeader\":true,\"headerStaticContentID\":9,\"isCustomFooter\":true,\"footerStaticContentID\":11,\"disableContainer\":false,\"hidePageHeader\":true}","footnotes":""},"class_list":["post-179","page","type-page","status-publish","hentry"],"yoast_head":"<!-- This site is optimized with the Yoast SEO plugin v23.5 - https:\/\/yoast.com\/wordpress\/plugins\/seo\/ -->\n<title>Ch\u00ednh s\u00e1ch b\u1ea3o h\u00e0nh Loa X OCB - Loa X OCB<\/title>\n<meta name=\"robots\" content=\"index, follow, max-snippet:-1, max-image-preview:large, max-video-preview:-1\" \/>\n<link rel=\"canonical\" href=\"https:\/\/loax.vn\/ocb\/chinh-sach-bao-hanh-loa-x-ocb\/\" \/>\n<meta property=\"og:locale\" content=\"vi_VN\" \/>\n<meta property=\"og:type\" content=\"article\" \/>\n<meta property=\"og:title\" content=\"Ch\u00ednh s\u00e1ch b\u1ea3o h\u00e0nh Loa X OCB - Loa X OCB\" \/>\n<meta property=\"og:description\" content=\"Loa X OCB lu\u00f4n n\u1ed7 l\u1ef1c mang \u0111\u1ebfn s\u1ea3n ph\u1ea9m loa ch\u1ea5t l\u01b0\u1ee3ng cao c\u00f9ng v\u1edbi ch\u00ednh s\u00e1ch b\u1ea3o h\u00e0nh r\u00f5 r\u00e0ng, minh b\u1ea1ch, nh\u1eb1m \u0111\u1ea3m b\u1ea3o quy\u1ec1n l\u1ee3i t\u1ed1i \u0111a cho kh\u00e1ch h\u00e0ng. D\u01b0\u1edbi \u0111\u00e2y l\u00e0 c\u00e1c \u0111i\u1ec1u ki\u1ec7n, th\u1eddi h\u1ea1n, c\u0169ng nh\u01b0 nh\u1eefng tr\u01b0\u1eddng h\u1ee3p t\u1eeb ch\u1ed1i b\u1ea3o h\u00e0nh \u0111\u1ec3 qu\u00fd kh\u00e1ch h\u00e0ng...\" \/>\n<meta property=\"og:url\" content=\"https:\/\/loax.vn\/ocb\/chinh-sach-bao-hanh-loa-x-ocb\/\" \/>\n<meta property=\"og:site_name\" content=\"Loa X OCB\" \/>\n<meta property=\"article:modified_time\" content=\"2025-10-10T08:41:14+00:00\" \/>\n<meta property=\"og:image\" content=\"https:\/\/loax.vn\/ocb\/wp-content\/uploads\/sites\/2\/2024\/11\/Loa-OCB-1.png\" \/>\n<meta name=\"twitter:card\" content=\"summary_large_image\" \/>\n<meta name=\"twitter:label1\" content=\"\u01af\u1edbc t\u00ednh th\u1eddi gian \u0111\u1ecdc\" \/>\n\t<meta name=\"twitter:data1\" content=\"4 ph\u00fat\" \/>\n<script type=\"application\/ld+json\" class=\"yoast-schema-graph\">{\"@context\":\"https:\/\/schema.org\",\"@graph\":[{\"@type\":\"WebPage\",\"@id\":\"https:\/\/loax.vn\/ocb\/chinh-sach-bao-hanh-loa-x-ocb\/\",\"url\":\"https:\/\/loax.vn\/ocb\/chinh-sach-bao-hanh-loa-x-ocb\/\",\"name\":\"Ch\u00ednh s\u00e1ch b\u1ea3o h\u00e0nh Loa X OCB - Loa X OCB\",\"isPartOf\":{\"@id\":\"https:\/\/loax.vn\/ocb\/#website\"},\"primaryImageOfPage\":{\"@id\":\"https:\/\/loax.vn\/ocb\/chinh-sach-bao-hanh-loa-x-ocb\/#primaryimage\"},\"image\":{\"@id\":\"https:\/\/loax.vn\/ocb\/chinh-sach-bao-hanh-loa-x-ocb\/#primaryimage\"},\"thumbnailUrl\":\"https:\/\/loax.vn\/ocb\/wp-content\/uploads\/sites\/2\/2024\/11\/Loa-OCB-1.png\",\"datePublished\":\"2024-11-29T08:13:50+00:00\",\"dateModified\":\"2025-10-10T08:41:14+00:00\",\"breadcrumb\":{\"@id\":\"https:\/\/loax.vn\/ocb\/chinh-sach-bao-hanh-loa-x-ocb\/#breadcrumb\"},\"inLanguage\":\"vi\",\"potentialAction\":[{\"@type\":\"ReadAction\",\"target\":[\"https:\/\/loax.vn\/ocb\/chinh-sach-bao-hanh-loa-x-ocb\/\"]}]},{\"@type\":\"ImageObject\",\"inLanguage\":\"vi\",\"@id\":\"https:\/\/loax.vn\/ocb\/chinh-sach-bao-hanh-loa-x-ocb\/#primaryimage\",\"url\":\"https:\/\/loax.vn\/ocb\/wp-content\/uploads\/sites\/2\/2024\/11\/Loa-OCB-1.png\",\"contentUrl\":\"https:\/\/loax.vn\/ocb\/wp-content\/uploads\/sites\/2\/2024\/11\/Loa-OCB-1.png\",\"width\":2260,\"height\":2011},{\"@type\":\"BreadcrumbList\",\"@id\":\"https:\/\/loax.vn\/ocb\/chinh-sach-bao-hanh-loa-x-ocb\/#breadcrumb\",\"itemListElement\":[{\"@type\":\"ListItem\",\"position\":1,\"name\":\"Trang ch\u1ee7\",\"item\":\"https:\/\/loax.vn\/ocb\/\"},{\"@type\":\"ListItem\",\"position\":2,\"name\":\"Ch\u00ednh s\u00e1ch b\u1ea3o h\u00e0nh Loa X OCB\"}]},{\"@type\":\"WebSite\",\"@id\":\"https:\/\/loax.vn\/ocb\/#website\",\"url\":\"https:\/\/loax.vn\/ocb\/\",\"name\":\"Loa X OCB\",\"description\":\"Loa OCB\",\"potentialAction\":[{\"@type\":\"SearchAction\",\"target\":{\"@type\":\"EntryPoint\",\"urlTemplate\":\"https:\/\/loax.vn\/ocb\/?s={search_term_string}\"},\"query-input\":{\"@type\":\"PropertyValueSpecification\",\"valueRequired\":true,\"valueName\":\"search_term_string\"}}],\"inLanguage\":\"vi\"}]}<\/script>\n<!-- \/ Yoast SEO plugin. -->","yoast_head_json":{"title":"Ch\u00ednh s\u00e1ch b\u1ea3o h\u00e0nh Loa X OCB - Loa X OCB","robots":{"index":"index","follow":"follow","max-snippet":"max-snippet:-1","max-image-preview":"max-image-preview:large","max-video-preview":"max-video-preview:-1"},"canonical":"https:\/\/loax.vn\/ocb\/chinh-sach-bao-hanh-loa-x-ocb\/","og_locale":"vi_VN","og_type":"article","og_title":"Ch\u00ednh s\u00e1ch b\u1ea3o h\u00e0nh Loa X OCB - Loa X OCB","og_description":"Loa X OCB lu\u00f4n n\u1ed7 l\u1ef1c mang \u0111\u1ebfn s\u1ea3n ph\u1ea9m loa ch\u1ea5t l\u01b0\u1ee3ng cao c\u00f9ng v\u1edbi ch\u00ednh s\u00e1ch b\u1ea3o h\u00e0nh r\u00f5 r\u00e0ng, minh b\u1ea1ch, nh\u1eb1m \u0111\u1ea3m b\u1ea3o quy\u1ec1n l\u1ee3i t\u1ed1i \u0111a cho kh\u00e1ch h\u00e0ng. D\u01b0\u1edbi \u0111\u00e2y l\u00e0 c\u00e1c \u0111i\u1ec1u ki\u1ec7n, th\u1eddi h\u1ea1n, c\u0169ng nh\u01b0 nh\u1eefng tr\u01b0\u1eddng h\u1ee3p t\u1eeb ch\u1ed1i b\u1ea3o h\u00e0nh \u0111\u1ec3 qu\u00fd kh\u00e1ch h\u00e0ng...","og_url":"https:\/\/loax.vn\/ocb\/chinh-sach-bao-hanh-loa-x-ocb\/","og_site_name":"Loa X OCB","article_modified_time":"2025-10-10T08:41:14+00:00","og_image":[{"url":"https:\/\/loax.vn\/ocb\/wp-content\/uploads\/sites\/2\/2024\/11\/Loa-OCB-1.png"}],"twitter_card":"summary_large_image","twitter_misc":{"\u01af\u1edbc t\u00ednh th\u1eddi gian \u0111\u1ecdc":"4 ph\u00fat"},"schema":{"@context":"https:\/\/schema.org","@graph":[{"@type":"WebPage","@id":"https:\/\/loax.vn\/ocb\/chinh-sach-bao-hanh-loa-x-ocb\/","url":"https:\/\/loax.vn\/ocb\/chinh-sach-bao-hanh-loa-x-ocb\/","name":"Ch\u00ednh s\u00e1ch b\u1ea3o h\u00e0nh Loa X OCB - Loa X OCB","isPartOf":{"@id":"https:\/\/loax.vn\/ocb\/#website"},"primaryImageOfPage":{"@id":"https:\/\/loax.vn\/ocb\/chinh-sach-bao-hanh-loa-x-ocb\/#primaryimage"},"image":{"@id":"https:\/\/loax.vn\/ocb\/chinh-sach-bao-hanh-loa-x-ocb\/#primaryimage"},"thumbnailUrl":"https:\/\/loax.vn\/ocb\/wp-content\/uploads\/sites\/2\/2024\/11\/Loa-OCB-1.png","datePublished":"2024-11-29T08:13:50+00:00","dateModified":"2025-10-10T08:41:14+00:00","breadcrumb":{"@id":"https:\/\/loax.vn\/ocb\/chinh-sach-bao-hanh-loa-x-ocb\/#breadcrumb"},"inLanguage":"vi","potentialAction":[{"@type":"ReadAction","target":["https:\/\/loax.vn\/ocb\/chinh-sach-bao-hanh-loa-x-ocb\/"]}]},{"@type":"ImageObject","inLanguage":"vi","@id":"https:\/\/loax.vn\/ocb\/chinh-sach-bao-hanh-loa-x-ocb\/#primaryimage","url":"https:\/\/loax.vn\/ocb\/wp-content\/uploads\/sites\/2\/2024\/11\/Loa-OCB-1.png","contentUrl":"https:\/\/loax.vn\/ocb\/wp-content\/uploads\/sites\/2\/2024\/11\/Loa-OCB-1.png","width":2260,"height":2011},{"@type":"BreadcrumbList","@id":"https:\/\/loax.vn\/ocb\/chinh-sach-bao-hanh-loa-x-ocb\/#breadcrumb","itemListElement":[{"@type":"ListItem","position":1,"name":"Trang ch\u1ee7","item":"https:\/\/loax.vn\/ocb\/"},{"@type":"ListItem","position":2,"name":"Ch\u00ednh s\u00e1ch b\u1ea3o h\u00e0nh Loa X OCB"}]},{"@type":"WebSite","@id":"https:\/\/loax.vn\/ocb\/#website","url":"https:\/\/loax.vn\/ocb\/","name":"Loa X OCB","description":"Loa OCB","potentialAction":[{"@type":"SearchAction","target":{"@type":"EntryPoint","urlTemplate":"https:\/\/loax.vn\/ocb\/?s={search_term_string}"},"query-input":{"@type":"PropertyValueSpecification","valueRequired":true,"valueName":"search_term_string"}}],"inLanguage":"vi"}]}},"_links":{"self":[{"href":"https:\/\/loax.vn\/ocb\/wp-json\/wp\/v2\/pages\/179"}],"collection":[{"href":"https:\/\/loax.vn\/ocb\/wp-json\/wp\/v2\/pages"}],"about":[{"href":"https:\/\/loax.vn\/ocb\/wp-json\/wp\/v2\/types\/page"}],"author":[{"embeddable":true,"href":"https:\/\/loax.vn\/ocb\/wp-json\/wp\/v2\/users\/3"}],"replies":[{"embeddable":true,"href":"https:\/\/loax.vn\/ocb\/wp-json\/wp\/v2\/comments?post=179"}],"version-history":[{"count":23,"href":"https:\/\/loax.vn\/ocb\/wp-json\/wp\/v2\/pages\/179\/revisions"}],"predecessor-version":[{"id":345,"href":"https:\/\/loax.vn\/ocb\/wp-json\/wp\/v2\/pages\/179\/revisions\/345"}],"wp:attachment":[{"href":"https:\/\/loax.vn\/ocb\/wp-json\/wp\/v2\/media?parent=179"}],"curies":[{"name":"wp","href":"https:\/\/api.w.org\/{rel}","templated":true}]}}