{"id":14,"date":"2025-12-31T04:08:42","date_gmt":"2025-12-31T04:08:42","guid":{"rendered":"https:\/\/loax.vn\/msb\/?page_id=14"},"modified":"2025-12-31T04:29:11","modified_gmt":"2025-12-31T04:29:11","slug":"tai-app","status":"publish","type":"page","link":"https:\/\/loax.vn\/msb\/tai-app\/","title":{"rendered":"T\u1ea3i App"},"content":{"rendered":"\n<div id=\"SVGcrossPlatformHero\" class=\"hero-action-block style-1 svg-preloader1 position-relative overflow-hidden gradient-half-primary-v1\"><div class=\"container space-2 space-md-3\"><div class=\"row\"><div class=\"col-lg-5\"><div class=\"pr-md-4 mb-7\"><h2 class=\"text-white font-weight-semi-bold\">T\u1ea3i \u1ee9ng d\u1ee5ng Loa X<\/h2><p class=\"text-white-70\">\u1ee8ng d\u1ee5ng Loa X \u0111\u00e3 c\u00f3 m\u1eb7t t\u1ea1i c\u00e1c n\u1ec1n t\u1ea3ng, h\u00e3y t\u1ea3i v\u1ec1 ngay!<\/p><\/div><h3 class=\"text-white h6\">Download for:<\/h3><div class=\"row mx-gutters-2\"><div class=\"col-sm-6 col-md-4 col-lg-5 mb-3\"><a href=\"https:\/\/apps.apple.com\/vn\/app\/loa-thanh-to%C3%A1n-vietqr\/id6553972954\" class=\"justify-content-center fgb-button btn fgb-button--align-center btn-warning false btn-block transition-3d-hover\"><span class=\"fab fa-apple mr-sm-2 mr-sm-1\"><\/span><div class=\"fgb-button--inner\">iOS<\/div><\/a><\/div><div class=\"col-sm-6 col-md-4 col-lg-5 mb-3\"><a href=\"https:\/\/play.google.com\/store\/apps\/details?id=com.loathanhtoan.merchant\" class=\"justify-content-center fgb-button btn fgb-button--align-center btn-white text-primary btn-block transition-3d-hover\"><span class=\"fab fa-android mr-sm-2 mr-sm-1\"><\/span><div class=\"fgb-button--inner\">Androi<\/div><\/a><\/div><\/div><\/div><\/div><div class=\"u-devices-v4\"><div class=\"d-none d-lg-flex flex-lg-wrap u-devices-v4__content\"><div class=\"align-self-end u-devices-v4__tablet-ver mb-4\"><div class=\"u-devices-v4__tablet-svg\"><figure class=\"ie-devices-v4-tablet-horizontal\"><img decoding=\"async\" class=\"js-svg-injector\" alt=\"Image\" src=\"https:\/\/loax.vn\/msb\/wp-content\/themes\/front\/assets\/svg\/components\/tablet-horizontal.svg\" data-img-paths=\"[ { &quot;targetId&quot;: &quot;#SVGhorizontalTabletImg1&quot;, &quot;newPath&quot;: &quot;https:\/\/loax.vn\/msb\/wp-content\/plugins\/front-gutenberg-blocks\/assets\/img\/711x533\/img1.jpg&quot; } ]\" data-parent=\"#SVGcrossPlatformHero\"\/><\/figure><\/div><\/div><div class=\"align-self-start u-devices-v4__phone\"><div class=\"u-devices-v4__phone-svg\"><figure class=\"ie-devices-v4-iphone\"><img decoding=\"async\" class=\"js-svg-injector\" alt=\"Image\" src=\"https:\/\/loax.vn\/msb\/wp-content\/themes\/front\/assets\/svg\/components\/iphone.svg\" data-img-paths=\"[ { &quot;targetId&quot;: &quot;#SVGiphoneImg1&quot;, &quot;newPath&quot;: &quot;https:\/\/loax.vn\/msb\/wp-content\/plugins\/front-gutenberg-blocks\/assets\/img\/282x500\/img7.jpg&quot; } ]\" data-parent=\"#SVGcrossPlatformHero\"\/><\/figure><\/div><\/div><\/div><\/div><\/div><\/div>\n","protected":false},"excerpt":{"rendered":"","protected":false},"author":3,"featured_media":0,"parent":0,"menu_order":0,"comment_status":"closed","ping_status":"closed","template":"","meta":{"_front_options":"{\"disableContainer\":true,\"hidePageHeader\":true,\"isCustomHeader\":true,\"headerStaticContentID\":9,\"isCustomFooter\":true,\"footerStaticContentID\":12}","footnotes":""},"class_list":["post-14","page","type-page","status-publish","hentry"],"yoast_head":"<!-- This site is optimized with the Yoast SEO plugin v23.5 - https:\/\/yoast.com\/wordpress\/plugins\/seo\/ -->\n<title>T\u1ea3i App - Loa X MSB<\/title>\n<meta name=\"robots\" content=\"index, follow, max-snippet:-1, max-image-preview:large, max-video-preview:-1\" \/>\n<link rel=\"canonical\" href=\"https:\/\/loax.vn\/msb\/tai-app\/\" \/>\n<meta property=\"og:locale\" content=\"vi_VN\" \/>\n<meta property=\"og:type\" content=\"article\" \/>\n<meta property=\"og:title\" content=\"T\u1ea3i App - Loa X MSB\" \/>\n<meta property=\"og:url\" content=\"https:\/\/loax.vn\/msb\/tai-app\/\" \/>\n<meta property=\"og:site_name\" content=\"Loa X MSB\" \/>\n<meta property=\"article:modified_time\" content=\"2025-12-31T04:29:11+00:00\" \/>\n<meta property=\"og:image\" content=\"https:\/\/loax.vn\/msb\/wp-content\/themes\/front\/assets\/svg\/components\/tablet-horizontal.svg\" \/>\n<meta name=\"twitter:card\" content=\"summary_large_image\" \/>\n<meta name=\"twitter:label1\" content=\"\u01af\u1edbc t\u00ednh th\u1eddi gian \u0111\u1ecdc\" \/>\n\t<meta name=\"twitter:data1\" content=\"1 ph\u00fat\" \/>\n<script type=\"application\/ld+json\" class=\"yoast-schema-graph\">{\"@context\":\"https:\/\/schema.org\",\"@graph\":[{\"@type\":\"WebPage\",\"@id\":\"https:\/\/loax.vn\/msb\/tai-app\/\",\"url\":\"https:\/\/loax.vn\/msb\/tai-app\/\",\"name\":\"T\u1ea3i App - Loa X MSB\",\"isPartOf\":{\"@id\":\"https:\/\/loax.vn\/msb\/#website\"},\"primaryImageOfPage\":{\"@id\":\"https:\/\/loax.vn\/msb\/tai-app\/#primaryimage\"},\"image\":{\"@id\":\"https:\/\/loax.vn\/msb\/tai-app\/#primaryimage\"},\"thumbnailUrl\":\"https:\/\/loax.vn\/msb\/wp-content\/themes\/front\/assets\/svg\/components\/tablet-horizontal.svg\",\"datePublished\":\"2025-12-31T04:08:42+00:00\",\"dateModified\":\"2025-12-31T04:29:11+00:00\",\"breadcrumb\":{\"@id\":\"https:\/\/loax.vn\/msb\/tai-app\/#breadcrumb\"},\"inLanguage\":\"vi\",\"potentialAction\":[{\"@type\":\"ReadAction\",\"target\":[\"https:\/\/loax.vn\/msb\/tai-app\/\"]}]},{\"@type\":\"ImageObject\",\"inLanguage\":\"vi\",\"@id\":\"https:\/\/loax.vn\/msb\/tai-app\/#primaryimage\",\"url\":\"https:\/\/loax.vn\/msb\/wp-content\/themes\/front\/assets\/svg\/components\/tablet-horizontal.svg\",\"contentUrl\":\"https:\/\/loax.vn\/msb\/wp-content\/themes\/front\/assets\/svg\/components\/tablet-horizontal.svg\"},{\"@type\":\"BreadcrumbList\",\"@id\":\"https:\/\/loax.vn\/msb\/tai-app\/#breadcrumb\",\"itemListElement\":[{\"@type\":\"ListItem\",\"position\":1,\"name\":\"Trang ch\u1ee7\",\"item\":\"https:\/\/loax.vn\/msb\/\"},{\"@type\":\"ListItem\",\"position\":2,\"name\":\"T\u1ea3i App\"}]},{\"@type\":\"WebSite\",\"@id\":\"https:\/\/loax.vn\/msb\/#website\",\"url\":\"https:\/\/loax.vn\/msb\/\",\"name\":\"Loa X MSB\",\"description\":\"\",\"potentialAction\":[{\"@type\":\"SearchAction\",\"target\":{\"@type\":\"EntryPoint\",\"urlTemplate\":\"https:\/\/loax.vn\/msb\/?s={search_term_string}\"},\"query-input\":{\"@type\":\"PropertyValueSpecification\",\"valueRequired\":true,\"valueName\":\"search_term_string\"}}],\"inLanguage\":\"vi\"}]}<\/script>\n<!-- \/ Yoast SEO plugin. -->","yoast_head_json":{"title":"T\u1ea3i App - Loa X MSB","robots":{"index":"index","follow":"follow","max-snippet":"max-snippet:-1","max-image-preview":"max-image-preview:large","max-video-preview":"max-video-preview:-1"},"canonical":"https:\/\/loax.vn\/msb\/tai-app\/","og_locale":"vi_VN","og_type":"article","og_title":"T\u1ea3i App - Loa X MSB","og_url":"https:\/\/loax.vn\/msb\/tai-app\/","og_site_name":"Loa X MSB","article_modified_time":"2025-12-31T04:29:11+00:00","og_image":[{"url":"https:\/\/loax.vn\/msb\/wp-content\/themes\/front\/assets\/svg\/components\/tablet-horizontal.svg"}],"twitter_card":"summary_large_image","twitter_misc":{"\u01af\u1edbc t\u00ednh th\u1eddi gian \u0111\u1ecdc":"1 ph\u00fat"},"schema":{"@context":"https:\/\/schema.org","@graph":[{"@type":"WebPage","@id":"https:\/\/loax.vn\/msb\/tai-app\/","url":"https:\/\/loax.vn\/msb\/tai-app\/","name":"T\u1ea3i App - Loa X MSB","isPartOf":{"@id":"https:\/\/loax.vn\/msb\/#website"},"primaryImageOfPage":{"@id":"https:\/\/loax.vn\/msb\/tai-app\/#primaryimage"},"image":{"@id":"https:\/\/loax.vn\/msb\/tai-app\/#primaryimage"},"thumbnailUrl":"https:\/\/loax.vn\/msb\/wp-content\/themes\/front\/assets\/svg\/components\/tablet-horizontal.svg","datePublished":"2025-12-31T04:08:42+00:00","dateModified":"2025-12-31T04:29:11+00:00","breadcrumb":{"@id":"https:\/\/loax.vn\/msb\/tai-app\/#breadcrumb"},"inLanguage":"vi","potentialAction":[{"@type":"ReadAction","target":["https:\/\/loax.vn\/msb\/tai-app\/"]}]},{"@type":"ImageObject","inLanguage":"vi","@id":"https:\/\/loax.vn\/msb\/tai-app\/#primaryimage","url":"https:\/\/loax.vn\/msb\/wp-content\/themes\/front\/assets\/svg\/components\/tablet-horizontal.svg","contentUrl":"https:\/\/loax.vn\/msb\/wp-content\/themes\/front\/assets\/svg\/components\/tablet-horizontal.svg"},{"@type":"BreadcrumbList","@id":"https:\/\/loax.vn\/msb\/tai-app\/#breadcrumb","itemListElement":[{"@type":"ListItem","position":1,"name":"Trang ch\u1ee7","item":"https:\/\/loax.vn\/msb\/"},{"@type":"ListItem","position":2,"name":"T\u1ea3i App"}]},{"@type":"WebSite","@id":"https:\/\/loax.vn\/msb\/#website","url":"https:\/\/loax.vn\/msb\/","name":"Loa X MSB","description":"","potentialAction":[{"@type":"SearchAction","target":{"@type":"EntryPoint","urlTemplate":"https:\/\/loax.vn\/msb\/?s={search_term_string}"},"query-input":{"@type":"PropertyValueSpecification","valueRequired":true,"valueName":"search_term_string"}}],"inLanguage":"vi"}]}},"_links":{"self":[{"href":"https:\/\/loax.vn\/msb\/wp-json\/wp\/v2\/pages\/14"}],"collection":[{"href":"https:\/\/loax.vn\/msb\/wp-json\/wp\/v2\/pages"}],"about":[{"href":"https:\/\/loax.vn\/msb\/wp-json\/wp\/v2\/types\/page"}],"author":[{"embeddable":true,"href":"https:\/\/loax.vn\/msb\/wp-json\/wp\/v2\/users\/3"}],"replies":[{"embeddable":true,"href":"https:\/\/loax.vn\/msb\/wp-json\/wp\/v2\/comments?post=14"}],"version-history":[{"count":2,"href":"https:\/\/loax.vn\/msb\/wp-json\/wp\/v2\/pages\/14\/revisions"}],"predecessor-version":[{"id":34,"href":"https:\/\/loax.vn\/msb\/wp-json\/wp\/v2\/pages\/14\/revisions\/34"}],"wp:attachment":[{"href":"https:\/\/loax.vn\/msb\/wp-json\/wp\/v2\/media?parent=14"}],"curies":[{"name":"wp","href":"https:\/\/api.w.org\/{rel}","templated":true}]}}