{"id":11,"date":"2024-08-25T18:40:01","date_gmt":"2024-08-25T18:40:01","guid":{"rendered":"https:\/\/loathanhtoan.vn\/mb\/?page_id=11"},"modified":"2024-08-25T18:50:49","modified_gmt":"2024-08-25T18:50:49","slug":"trang-chu","status":"publish","type":"page","link":"https:\/\/loax.vn\/mb\/","title":{"rendered":"Trang ch\u1ee7"},"content":{"rendered":"\n<div class=\"bg-white hero-action-block style-4\" style=\"background-color:\"><div class=\"container space-2 space-top-md-5 space-top-lg-4 space-bottom-lg-3\"><div class=\"row justify-content-lg-between mb-7\"><div class=\"col-lg-5 mb-7 mb-lg-0\"><div class=\"mb-5\"><h1 class=\"text-primary h2 font-weight-medium mb-3\" style=\"color:\">LOA MB<\/h1><p class=\"text-secondary\" style=\"color:\"><strong>Loa<\/strong> b\u00e1o k\u1ebft qu\u1ea3 <strong>thanh to\u00e1n<\/strong> qu\u00e9t <strong>VietQR<\/strong> c\u1ee7a Ng\u00e2n h\u00e0ng Qu\u00e2n \u0111\u1ed9i (<strong>MB<\/strong>) d\u00e0nh cho ch\u1ee7 c\u1eeda h\u00e0ng<\/p><\/div><div class=\"mb-3\"><div class=\"d-flex\"><div class=\"mr-4 mb-2 mb-sm-0\"><a href=\"https:\/\/loax.vn\/mb\/dat-hang\" class=\"justify-content-center fgb-button btn fgb-button--align-center btn-primary transition-3d-hover\"><span class=\"fas fa-shopping-cart mr-sm-2 mr-sm-1\"><\/span><div class=\"fgb-button--inner\"> Mua ngay<\/div><\/a><\/div><div class=\" mb-2 mb-sm-0\"><a href=\"https:\/\/loax.vn\/mb\/app-loa-thanh-toan\" class=\"justify-content-center fgb-button btn fgb-button--align-center btn-outline-primary transition-3d-hover\"><span class=\"fas fa-mobile mr-sm-2 mr-sm-1\"><\/span><div class=\"fgb-button--inner\"> T\u1ea3i App<\/div><\/a><\/div><\/div><\/div><\/div><div class=\"col-lg-6\"><figure class=\"svg-preloader ie-hiker-man w-md-75 w-lg-100\" id=\"SVGHero\"><img decoding=\"async\" class=\"js-svg-injector\" alt=\"Image\" src=\"https:\/\/loax.vn\/mb\/wp-content\/uploads\/sites\/4\/2024\/08\/load-mb-cover.png\" data-parent=\"#SVGHero\"\/><\/figure><\/div><\/div><\/div><\/div>\n\n\n\n<div class=\"container\"><div class=\"row justify-content-lg-center\"><div class=\"col-sm-6 col-lg-4 mb-7 mb-sm-0\"><div class=\"text-center\"><span class=\"d-block h2 font-weight-semi-bold text-uppercase mb-0\">100.000+<\/span><span class=\"text-secondary\">Thi\u1ebft b\u1ecb xu\u1ea5t x\u01b0\u1edfng<\/span><\/div><\/div><div class=\"col-sm-6 col-lg-4 mb-7 mb-sm-0\"><div class=\"text-center\"><span class=\"d-block h2 font-weight-semi-bold text-uppercase mb-0\">1 n\u0103m<\/span><span class=\"text-secondary\">B\u1ea3o h\u00e0nh 1 \u0111\u1ed5i 1<\/span><\/div><\/div><div class=\"col-sm-6 col-lg-4 mb-7 mb-sm-0\"><div class=\"text-center\"><span class=\"d-block h2 font-weight-semi-bold text-uppercase mb-0\">99.9%<\/span><span class=\"text-secondary\">Kh\u00e1ch h\u00e0ng h\u00e0i l\u00f2ng<\/span><\/div><\/div><\/div><\/div>\n\n\n\n<div style=\"height:150px\" aria-hidden=\"true\" class=\"wp-block-spacer\"><\/div>\n\n\n\n<h2 class=\"wp-block-heading has-text-align-center has-x-large-font-size\">M\u1ed9t chi\u1ebfc loa &#8220;n\u1ed3i \u0111\u1ed3ng c\u1ed1i \u0111\u00e1&#8221;<\/h2>\n\n\n\n<div style=\"height:50px\" aria-hidden=\"true\" class=\"wp-block-spacer\"><\/div>\n\n\n\n<div class=\"wp-block-fgb-info-section-15 container info-secion-block-15\"><div id=\"servicesSVG\" class=\"row justify-content-lg-between align-items-md-center\"><div class=\"col-md-6 col-lg-5 mb-11 mb-lg-0 false\"><figure class=\"ie-drawing-woman\"><img decoding=\"async\" class=\"js-svg-injector\" alt=\"Image\" src=\"https:\/\/loax.vn\/mb\/wp-content\/uploads\/sites\/4\/2024\/08\/load-mb.png\" data-parent=\"#servicesSVG\"\/><\/figure><\/div><div class=\"col-md-6 col-lg-5\"><div class=\"media mb-4\"><span class=\"fab fa-soundcloud display-4 mr-3 p-2 text-primary\"><\/span><div class=\"media-body\"><h4 class=\"h6\"><span class=\"text-dark\">\u00c2m thanh to r\u00f5<\/span><span class=\"badge badge-pill ml-1 badge-warning\">Trending<\/span><\/h4><p class=\"font-size-1 text-secondary\">Loa c\u00f4ng su\u1ea5t 3W, \u00e2m thanh s\u1eafc n\u00e9t gi\u00fap ch\u1ee7 c\u1eeda h\u00e0ng v\u00e0 ng\u01b0\u1eddi mua c\u00f3 th\u1ec3 nghe r\u00f5 th\u00f4ng b\u00e1o ngay c\u1ea3 khi qu\u00e1n \u0111\u00f4ng kh\u00e1ch \u1ed3n \u00e0o.<\/p><\/div><\/div><div class=\"media mb-4\"><span class=\"fas fa-car-battery display-4 mr-3 p-2 text-primary\"><\/span><div class=\"media-body\"><h4 class=\"h6\"><span class=\"text-dark\">Pin tr\u00e2u<\/span><\/h4><p class=\"font-size-1 text-secondary\">Pin dung l\u01b0\u1ee3ng 2000mAh lithium, 3.7V. Gi\u00fap th\u1eddi gian ch\u1edd l\u00ean \u0111\u1ebfn 7 ng\u00e0y, th\u1eddi gian ph\u00e1t \u00e2m thanh li\u00ean t\u1ee5c l\u00ean \u0111\u1ebfn 10 ti\u1ebfng.<\/p><\/div><\/div><div class=\"media false\"><span class=\"fas fa-wifi display-4 mr-3 p-2 text-primary\"><\/span><div class=\"media-body\"><h4 class=\"h6\"><span class=\"text-dark\">K\u1ebft n\u1ed1i \u1ed5n \u0111\u1ecbnh<\/span><\/h4><p class=\"font-size-1 text-secondary\">Thi\u1ebft b\u1ecb k\u1ebft n\u1ed1i v\u1edbi ng\u00e2n h\u00e0ng th\u00f4ng qua Wifi ho\u1eb7c 4G. G\u00f3i c\u01b0\u1edbc 4G \u01b0u \u0111\u00e3i ch\u1ec9 50.000 \u0111\/ n\u0103m.<\/p><\/div><\/div><\/div><\/div><\/div>\n\n\n\n<div style=\"height:100px\" aria-hidden=\"true\" class=\"wp-block-spacer\"><\/div>\n\n\n\n<div class=\"wp-block-fgb-call-to-action\"><div class=\"cta-block\"><div class=\"container text-center\"><div class=\"w-md-60 text-center mx-auto mb-6\"><h2 class=\"fgb-call-to-action__title font-weight-medium\">Tham gia c\u00f9ng <strong class=\"text-primary\">35,000 <\/strong>h\u00e0ng qu\u00e1n kinh doanh s\u00f4i \u0111\u1ed9ng c\u00f9ng Loa thanh to\u00e1n<\/h2><\/div><div class=\"mb-6\"><a href=\"https:\/\/loax.vn\/mb\/dat-hang\/\" class=\"justify-content-center fgb-button btn fgb-button--align-center btn-primary false d-inline-flex align-items-center ml-2  transition-3d-hover\"><div class=\"fgb-button--inner\">\u0110\u1eb7t mua loa<\/div><\/a><\/div><div class=\"d-flex justify-content-center\"><a class=\"js-fancybox media align-items-center u-media-player\" href=\"javascript:;\" data-src=\"\/\/vimeo.com\/167434033\" data-speed=\"700\" data-animate-in=\"zoomIn\" data-animate-out=\"zoomOut\" data-caption=\"Front - Responsive Website Template\"><span class=\"fgb-button u-media-player__icon u-media-player__icon--primary mr-3\"><span class=\"fas fa-play u-media-player__icon-inner\"><\/span><\/span><span class=\"media-body\">Xem video h\u01b0\u1edbng d\u1eabn<\/span><\/a><\/div><\/div><\/div><\/div>\n\n\n\n<p><\/p>\n","protected":false},"excerpt":{"rendered":"<p>M\u1ed9t chi\u1ebfc loa &#8220;n\u1ed3i \u0111\u1ed3ng c\u1ed1i \u0111\u00e1&#8221;<\/p>\n","protected":false},"author":1,"featured_media":0,"parent":0,"menu_order":0,"comment_status":"closed","ping_status":"closed","template":"","meta":{"_front_options":"{\"hidePageHeader\":true,\"isCustomHeader\":true,\"headerStaticContentID\":14,\"isCustomFooter\":true,\"footerStaticContentID\":17}","footnotes":""},"class_list":["post-11","page","type-page","status-publish","hentry"],"yoast_head":"<!-- This site is optimized with the Yoast SEO plugin v23.5 - https:\/\/yoast.com\/wordpress\/plugins\/seo\/ -->\n<title>Trang ch\u1ee7 - Loa MB<\/title>\n<meta name=\"robots\" content=\"index, follow, max-snippet:-1, max-image-preview:large, max-video-preview:-1\" \/>\n<link rel=\"canonical\" href=\"https:\/\/loax.vn\/mb\/\" \/>\n<meta property=\"og:locale\" content=\"vi_VN\" \/>\n<meta property=\"og:type\" content=\"article\" \/>\n<meta property=\"og:title\" content=\"Trang ch\u1ee7 - Loa MB\" \/>\n<meta property=\"og:description\" content=\"M\u1ed9t chi\u1ebfc loa &#8220;n\u1ed3i \u0111\u1ed3ng c\u1ed1i \u0111\u00e1&#8221;\" \/>\n<meta property=\"og:url\" content=\"https:\/\/loax.vn\/mb\/\" \/>\n<meta property=\"og:site_name\" content=\"Loa MB\" \/>\n<meta property=\"article:modified_time\" content=\"2024-08-25T18:50:49+00:00\" \/>\n<meta property=\"og:image\" content=\"https:\/\/loax.vn\/mb\/wp-content\/uploads\/sites\/4\/2024\/08\/load-mb-cover.png\" \/>\n<meta name=\"twitter:card\" content=\"summary_large_image\" \/>\n<meta name=\"twitter:label1\" content=\"\u01af\u1edbc t\u00ednh th\u1eddi gian \u0111\u1ecdc\" \/>\n\t<meta name=\"twitter:data1\" content=\"1 ph\u00fat\" \/>\n<script type=\"application\/ld+json\" class=\"yoast-schema-graph\">{\"@context\":\"https:\/\/schema.org\",\"@graph\":[{\"@type\":\"WebPage\",\"@id\":\"https:\/\/loax.vn\/mb\/\",\"url\":\"https:\/\/loax.vn\/mb\/\",\"name\":\"Trang ch\u1ee7 - Loa MB\",\"isPartOf\":{\"@id\":\"https:\/\/loax.vn\/mb\/#website\"},\"primaryImageOfPage\":{\"@id\":\"https:\/\/loax.vn\/mb\/#primaryimage\"},\"image\":{\"@id\":\"https:\/\/loax.vn\/mb\/#primaryimage\"},\"thumbnailUrl\":\"https:\/\/loax.vn\/mb\/wp-content\/uploads\/sites\/4\/2024\/08\/load-mb-cover.png\",\"datePublished\":\"2024-08-25T18:40:01+00:00\",\"dateModified\":\"2024-08-25T18:50:49+00:00\",\"breadcrumb\":{\"@id\":\"https:\/\/loax.vn\/mb\/#breadcrumb\"},\"inLanguage\":\"vi\",\"potentialAction\":[{\"@type\":\"ReadAction\",\"target\":[\"https:\/\/loax.vn\/mb\/\"]}]},{\"@type\":\"ImageObject\",\"inLanguage\":\"vi\",\"@id\":\"https:\/\/loax.vn\/mb\/#primaryimage\",\"url\":\"https:\/\/loax.vn\/mb\/wp-content\/uploads\/sites\/4\/2024\/08\/load-mb-cover.png\",\"contentUrl\":\"https:\/\/loax.vn\/mb\/wp-content\/uploads\/sites\/4\/2024\/08\/load-mb-cover.png\",\"width\":1253,\"height\":803},{\"@type\":\"BreadcrumbList\",\"@id\":\"https:\/\/loax.vn\/mb\/#breadcrumb\",\"itemListElement\":[{\"@type\":\"ListItem\",\"position\":1,\"name\":\"Trang ch\u1ee7\",\"item\":\"https:\/\/loax.vn\/mb\/\"},{\"@type\":\"ListItem\",\"position\":2,\"name\":\"Trang ch\u1ee7\"}]},{\"@type\":\"WebSite\",\"@id\":\"https:\/\/loax.vn\/mb\/#website\",\"url\":\"https:\/\/loax.vn\/mb\/\",\"name\":\"Loa MB\",\"description\":\"\",\"potentialAction\":[{\"@type\":\"SearchAction\",\"target\":{\"@type\":\"EntryPoint\",\"urlTemplate\":\"https:\/\/loax.vn\/mb\/?s={search_term_string}\"},\"query-input\":{\"@type\":\"PropertyValueSpecification\",\"valueRequired\":true,\"valueName\":\"search_term_string\"}}],\"inLanguage\":\"vi\"}]}<\/script>\n<!-- \/ Yoast SEO plugin. -->","yoast_head_json":{"title":"Trang ch\u1ee7 - Loa MB","robots":{"index":"index","follow":"follow","max-snippet":"max-snippet:-1","max-image-preview":"max-image-preview:large","max-video-preview":"max-video-preview:-1"},"canonical":"https:\/\/loax.vn\/mb\/","og_locale":"vi_VN","og_type":"article","og_title":"Trang ch\u1ee7 - Loa MB","og_description":"M\u1ed9t chi\u1ebfc loa &#8220;n\u1ed3i \u0111\u1ed3ng c\u1ed1i \u0111\u00e1&#8221;","og_url":"https:\/\/loax.vn\/mb\/","og_site_name":"Loa MB","article_modified_time":"2024-08-25T18:50:49+00:00","og_image":[{"url":"https:\/\/loax.vn\/mb\/wp-content\/uploads\/sites\/4\/2024\/08\/load-mb-cover.png"}],"twitter_card":"summary_large_image","twitter_misc":{"\u01af\u1edbc t\u00ednh th\u1eddi gian \u0111\u1ecdc":"1 ph\u00fat"},"schema":{"@context":"https:\/\/schema.org","@graph":[{"@type":"WebPage","@id":"https:\/\/loax.vn\/mb\/","url":"https:\/\/loax.vn\/mb\/","name":"Trang ch\u1ee7 - Loa MB","isPartOf":{"@id":"https:\/\/loax.vn\/mb\/#website"},"primaryImageOfPage":{"@id":"https:\/\/loax.vn\/mb\/#primaryimage"},"image":{"@id":"https:\/\/loax.vn\/mb\/#primaryimage"},"thumbnailUrl":"https:\/\/loax.vn\/mb\/wp-content\/uploads\/sites\/4\/2024\/08\/load-mb-cover.png","datePublished":"2024-08-25T18:40:01+00:00","dateModified":"2024-08-25T18:50:49+00:00","breadcrumb":{"@id":"https:\/\/loax.vn\/mb\/#breadcrumb"},"inLanguage":"vi","potentialAction":[{"@type":"ReadAction","target":["https:\/\/loax.vn\/mb\/"]}]},{"@type":"ImageObject","inLanguage":"vi","@id":"https:\/\/loax.vn\/mb\/#primaryimage","url":"https:\/\/loax.vn\/mb\/wp-content\/uploads\/sites\/4\/2024\/08\/load-mb-cover.png","contentUrl":"https:\/\/loax.vn\/mb\/wp-content\/uploads\/sites\/4\/2024\/08\/load-mb-cover.png","width":1253,"height":803},{"@type":"BreadcrumbList","@id":"https:\/\/loax.vn\/mb\/#breadcrumb","itemListElement":[{"@type":"ListItem","position":1,"name":"Trang ch\u1ee7","item":"https:\/\/loax.vn\/mb\/"},{"@type":"ListItem","position":2,"name":"Trang ch\u1ee7"}]},{"@type":"WebSite","@id":"https:\/\/loax.vn\/mb\/#website","url":"https:\/\/loax.vn\/mb\/","name":"Loa MB","description":"","potentialAction":[{"@type":"SearchAction","target":{"@type":"EntryPoint","urlTemplate":"https:\/\/loax.vn\/mb\/?s={search_term_string}"},"query-input":{"@type":"PropertyValueSpecification","valueRequired":true,"valueName":"search_term_string"}}],"inLanguage":"vi"}]}},"_links":{"self":[{"href":"https:\/\/loax.vn\/mb\/wp-json\/wp\/v2\/pages\/11"}],"collection":[{"href":"https:\/\/loax.vn\/mb\/wp-json\/wp\/v2\/pages"}],"about":[{"href":"https:\/\/loax.vn\/mb\/wp-json\/wp\/v2\/types\/page"}],"author":[{"embeddable":true,"href":"https:\/\/loax.vn\/mb\/wp-json\/wp\/v2\/users\/1"}],"replies":[{"embeddable":true,"href":"https:\/\/loax.vn\/mb\/wp-json\/wp\/v2\/comments?post=11"}],"version-history":[{"count":4,"href":"https:\/\/loax.vn\/mb\/wp-json\/wp\/v2\/pages\/11\/revisions"}],"predecessor-version":[{"id":26,"href":"https:\/\/loax.vn\/mb\/wp-json\/wp\/v2\/pages\/11\/revisions\/26"}],"wp:attachment":[{"href":"https:\/\/loax.vn\/mb\/wp-json\/wp\/v2\/media?parent=11"}],"curies":[{"name":"wp","href":"https:\/\/api.w.org\/{rel}","templated":true}]}}