{"id":5,"date":"2025-01-16T07:44:13","date_gmt":"2025-01-16T07:44:13","guid":{"rendered":"https:\/\/loax.vn\/kienlongbank\/?page_id=5"},"modified":"2025-04-26T07:17:09","modified_gmt":"2025-04-26T07:17:09","slug":"trang-chu","status":"publish","type":"page","link":"https:\/\/loax.vn\/kienlongbank\/","title":{"rendered":"Trang ch\u1ee7"},"content":{"rendered":"\n<div class=\"bg-white hero-action-block style-4\" style=\"background-color:\"><div class=\"container space-2 space-top-md-5 space-top-lg-4 space-bottom-lg-3\"><div class=\"row justify-content-lg-between mb-7\"><div class=\"col-lg-5 mb-7 mb-lg-0\"><div class=\"mb-5\"><p class=\"text-secondary\" style=\"color:\"><strong>Loa<\/strong> th\u00f4ng b\u00e1o <strong>thanh to\u00e1n<\/strong> qu\u00e9t m\u00e3 <strong>VietQR<\/strong> c\u1ee7a Ng\u00e2n h\u00e0ng KienlongBank d\u00e0nh cho ch\u1ee7 c\u1eeda h\u00e0ng<\/p><\/div><div class=\"mb-3\"><div class=\"d-flex\"><div class=\"mr-4 mb-2 mb-sm-0\"><a href=\"https:\/\/loax.vn\/kienlongbank\/dat-hang\" class=\"justify-content-center fgb-button btn fgb-button--align-center btn-primary transition-3d-hover\"><span class=\"fas fa-shopping-cart mr-sm-2 mr-sm-1\"><\/span><div class=\"fgb-button--inner\"> Mua ngay<\/div><\/a><\/div><div class=\" mb-2 mb-sm-0\"><a href=\"https:\/\/loax.vn\/kienlongbank\/hdsd\" class=\"justify-content-center fgb-button btn fgb-button--align-center btn-outline-primary transition-3d-hover\"><span class=\"fas fa-book-open mr-sm-2 mr-sm-1\"><\/span><div class=\"fgb-button--inner\"> H\u01b0\u1edbng d\u1eabn s\u1eed d\u1ee5ng<\/div><\/a><\/div><\/div><\/div><p class=\"undefined small\">.<\/p><\/div><div class=\"col-lg-6\"><figure class=\"svg-preloader ie-hiker-man w-md-75 w-lg-100\" id=\"SVGHero\"><img decoding=\"async\" class=\"js-svg-injector\" alt=\"Image\" src=\"https:\/\/loax.vn\/kienlongbank\/wp-content\/uploads\/sites\/8\/2025\/01\/Group-1000005856-1.png\" data-parent=\"#SVGHero\"\/><\/figure><\/div><\/div><\/div><\/div>\n\n\n\n<div class=\"container\"><div class=\"row justify-content-lg-center\"><div class=\"col-sm-6 col-lg-4 mb-7 mb-sm-0\"><div class=\"text-center\"><span class=\"d-block h2 font-weight-semi-bold text-uppercase mb-0\">100.000+<\/span><span class=\"text-secondary\">Thi\u1ebft b\u1ecb xu\u1ea5t x\u01b0\u1edfng<\/span><\/div><\/div><div class=\"col-sm-6 col-lg-4 mb-7 mb-sm-0\"><div class=\"text-center\"><span class=\"d-block h2 font-weight-semi-bold text-uppercase mb-0\">1 n\u0103m<\/span><span class=\"text-secondary\">B\u1ea3o h\u00e0nh 1 \u0111\u1ed5i 1<\/span><\/div><\/div><div class=\"col-sm-6 col-lg-4 mb-7 mb-sm-0\"><div class=\"text-center\"><span class=\"d-block h2 font-weight-semi-bold text-uppercase mb-0\">99.9%<\/span><span class=\"text-secondary\">Kh\u00e1ch h\u00e0ng h\u00e0i l\u00f2ng<\/span><\/div><\/div><\/div><\/div>\n\n\n\n<div style=\"height:150px\" aria-hidden=\"true\" class=\"wp-block-spacer\"><\/div>\n\n\n\n<h2 class=\"wp-block-heading has-text-align-center has-x-large-font-size\">M\u1ed9t chi\u1ebfc loa &#8220;n\u1ed3i \u0111\u1ed3ng c\u1ed1i \u0111\u00e1&#8221;<\/h2>\n\n\n\n<div style=\"height:50px\" aria-hidden=\"true\" class=\"wp-block-spacer\"><\/div>\n\n\n\n<div class=\"wp-block-fgb-info-section-15 container info-secion-block-15\"><div id=\"servicesSVG\" class=\"row justify-content-lg-between align-items-md-center\"><div class=\"col-md-6 col-lg-5 mb-11 mb-lg-0 false\"><figure class=\"ie-drawing-woman\"><img decoding=\"async\" class=\"js-svg-injector\" alt=\"Image\" src=\"https:\/\/loax.vn\/kienlongbank\/wp-content\/uploads\/sites\/8\/2025\/01\/Group-1000005856-1.png\" data-parent=\"#servicesSVG\"\/><\/figure><\/div><div class=\"col-md-6 col-lg-5\"><div class=\"media mb-4\"><span class=\"fab fa-soundcloud display-4 mr-3 p-2 text-primary\"><\/span><div class=\"media-body\"><h4 class=\"h6\"><span class=\"text-dark\">\u00c2m thanh to r\u00f5<\/span><span class=\"badge badge-pill ml-1 badge-warning\">Trending<\/span><\/h4><p class=\"font-size-1 text-secondary\">Loa c\u00f4ng su\u1ea5t 3W, \u00e2m thanh s\u1eafc n\u00e9t gi\u00fap ch\u1ee7 c\u1eeda h\u00e0ng v\u00e0 ng\u01b0\u1eddi mua c\u00f3 th\u1ec3 nghe r\u00f5 th\u00f4ng b\u00e1o ngay c\u1ea3 khi qu\u00e1n \u0111\u00f4ng kh\u00e1ch \u1ed3n \u00e0o.<\/p><\/div><\/div><div class=\"media mb-4\"><span class=\"fas fa-car-battery display-4 mr-3 p-2 text-primary\"><\/span><div class=\"media-body\"><h4 class=\"h6\"><span class=\"text-dark\">Pin tr\u00e2u<\/span><\/h4><p class=\"font-size-1 text-secondary\">Pin dung l\u01b0\u1ee3ng 2000mAh lithium, 3.7V. Gi\u00fap th\u1eddi gian ch\u1edd l\u00ean \u0111\u1ebfn 7 ng\u00e0y, th\u1eddi gian ph\u00e1t \u00e2m thanh li\u00ean t\u1ee5c l\u00ean \u0111\u1ebfn 10 ti\u1ebfng.<\/p><\/div><\/div><div class=\"media false\"><span class=\"fab fa-buffer display-4 mr-3 p-2 text-primary\"><\/span><div class=\"media-body\"><h4 class=\"h6\"><span class=\"text-dark\">K\u1ebft n\u1ed1i \u1ed5n \u0111\u1ecbnh<\/span><\/h4><p class=\"font-size-1 text-secondary\">Thi\u1ebft b\u1ecb k\u1ebft n\u1ed1i v\u1edbi ng\u00e2n h\u00e0ng th\u00f4ng qua sim data IOT 4G.<\/p><\/div><\/div><\/div><\/div><\/div>\n\n\n\n<div style=\"height:100px\" aria-hidden=\"true\" class=\"wp-block-spacer\"><\/div>\n\n\n\n<div id=\"pricingSection\" class=\"fgb-pricing-interactive-2 border-bottom\"><div class=\"space-2 space-md-3 container\"><div class=\"w-md-75 w-lg-50 text-center mx-md-auto mb-9\"><h2 class=\"h1 font-weight-normal\">S\u1ef1 l\u1ef1a ch\u1ecdn ch\u1ea5t l\u01b0\u1ee3ng!<\/h2><p>H\u1ed7 tr\u1ee3 t\u1eadn t\u00e2m , kh\u00f4ng ph\u00ed giao d\u1ecbch, kh\u00f4ng ph\u00ed r\u00fat ti\u1ec1n<\/p><\/div><div class=\"row\"><div id=\"stickyBlockStartPoint\" class=\"col-md-5 mb-9 mb-md-0\"><div class=\"js-sticky-block\" data-has-sticky-header=\"true\" data-offset-target=\"#logoAndNav\" data-sticky-view=\"md\" data-start-point=\"#stickyBlockStartPoint\" data-end-point=\"#stickyBlockEndPoint\" data-offset-top=\"24\" data-offset-bottom=\"24\" data-parent=\"#stickyBlockStartPoint\"><div class=\"position-relative text-white rounded z-index-2 p-7 shadow-primary-lg bg-primary\"><span class=\"frontgb-pricing-format d-block\"><span class=\"pricePrefix align-top\"><span class=\"align-top\">$<\/span><\/span><span class=\"price display-4 font-weight-semi-bold\"><span class=\"display-4 font-weight-semi-bold\">750<\/span><\/span><span class=\"priceSufix font-size-3\"><span class=\"font-size-3\">.000<\/span><\/span><span class=\"validDuration d-block\"><span>s\u1ea3n ph\u1ea9m<\/span><\/span><\/span><hr class=\"opacity-md my-4\"\/><div class=\"mb-5\"><p class=\"text-light\">Mi\u1ec5n ph\u00ed thu\u00ea bao trong 01 n\u0103m!<\/p><\/div><div class=\"d-inline-block\"><a href=\"http:\/\/loax.vn\/kienlongbank\/dat-hang\" class=\"mb-2 fgb-button btn fgb-button--align-center btn-white transition-3d-hover btn-pill\"><div class=\"fgb-button--inner\">Mua ngay<\/div><span class=\"fas fa-arrow-right text-primary font-size-1 ml-2 ml-sm-2 ml-sm-1\"><\/span><\/a><\/div><p class=\"small text-white-70\">Duy tr\u00ec ch\u1ec9 v\u1edbi 19.000\u0111\/th\u00e1ng t\u1eeb n\u0103m th\u1ee9 hai<\/p><div class=\"position-absolute bottom-0 right-0 w-100 max-width-15 z-index-n1\"><figure class=\"ie-abstract-shapes-11\"><img decoding=\"async\" class=\"js-svg-injector rounded-bottom\" alt=\"Image Description\" src=\"https:\/\/loax.vn\/kienlongbank\/wp-content\/themes\/front\/assets\/svg\/components\/abstract-shapes-11.svg\" data-parent=\"#pricingSection\"\/><\/figure><\/div><\/div><\/div><\/div><div class=\"col-md-7\"><div class=\"pl-lg-6\">\n<div class=\" row mb-9 container\"><div class=\"col-sm-6 mb-5\"><figure class=\"ie-height-40 w-100 max-width-6 mb-3\"><img decoding=\"async\" class=\"js-svg-injector\" alt=\"SVG\" src=\"https:\/\/loax.vn\/kienlongbank\/wp-content\/themes\/front\/assets\/svg\/icons\/icon-29.svg\"\/><\/figure><h4 class=\"fgb-icon-blocks-la__name d-block h5\">Sim data mi\u1ec5n ph\u00ed<\/h4><p class=\"fgb-icon-blocks-la__description text\">Chi ph\u00ed mua loa \u0111\u00e3 bao g\u1ed3m t\u1ea5t c\u1ea3 chi ph\u00ed c\u1ee7a sim data<\/p><\/div> <div class=\"col-sm-6 mb-5\"><figure class=\"ie-height-40 w-100 max-width-6 mb-3\"><img decoding=\"async\" class=\"js-svg-injector\" alt=\"SVG\" src=\"https:\/\/loax.vn\/kienlongbank\/wp-content\/themes\/front\/assets\/svg\/icons\/icon-30.svg\"\/><\/figure><h4 class=\"fgb-icon-blocks-la__name d-block h5\">Kh\u00f4ng v\u00ed trung gian<\/h4><p class=\"fgb-icon-blocks-la__description text\">Ti\u1ec1n v\u1ec1 tr\u1ef1c ti\u1ebfp t\u00e0i kho\u1ea3n ng\u00e2n h\u00e0ng kh\u00f4ng th\u00f4ng qua k\u00eanh trung gian<\/p><\/div> <div class=\"col-sm-6 mb-5\"><figure class=\"ie-height-40 w-100 max-width-6 mb-3\"><img decoding=\"async\" class=\"js-svg-injector\" alt=\"SVG\" src=\"https:\/\/loax.vn\/kienlongbank\/wp-content\/themes\/front\/assets\/svg\/icons\/icon-32.svg\"\/><\/figure><h4 class=\"fgb-icon-blocks-la__name d-block h5\">Kh\u00f4ng thu % tr\u00ean giao d\u1ecbch<\/h4><p class=\"fgb-icon-blocks-la__description text\">Ch\u00fang t\u00f4i cam k\u1ebft kh\u00f4ng thu ti\u1ec1n tr\u00ean t\u1eebng giao d\u1ecbch<\/p><\/div> <div class=\"col-sm-6 mb-5\"><figure class=\"ie-height-40 w-100 max-width-6 mb-3\"><img decoding=\"async\" class=\"js-svg-injector\" alt=\"SVG\" src=\"https:\/\/loax.vn\/kienlongbank\/wp-content\/themes\/front\/assets\/svg\/icons\/icon-31.svg\"\/><\/figure><h4 class=\"fgb-icon-blocks-la__name d-block h5\">Mi\u1ec5n ph\u00ed duy tr\u00ec d\u1ecbch v\u1ee5<\/h4><p class=\"fgb-icon-blocks-la__description text\">Loa \u0111\u01b0\u1ee3c mi\u1ec5n ph\u00ed duy tr\u00ec d\u1ecbch v\u1ee5 trong n\u0103m \u0111\u1ea7u ti\u00ean<\/p><\/div> <\/div>\n<\/div><\/div><\/div><\/div><\/div><div id=\"stickyBlockEndPoint\"><\/div>\n\n\n\n<div id=\"basicsAccordion\" class=\"fgb-faq__item fgb-faq--limit-6\"><div class=\"container space-2 space-md-3\"><div class=\"w-md-80 w-lg-50 text-center mx-md-auto mb-9\"><span class=\"btn btn-xs btn-pill mb-2 btn-soft-success\">Help<\/span><h2 class=\"text-primary\">C\u00e2u h\u1ecfi th\u01b0\u1eddng g\u1eb7p!<\/h2><\/div><div class=\"space-bottom-2 space-bottom-md-3\"><div class=\"row\"><div class=\"col-md-6 mb-5 \"><div class=\"\"><div class=\"pr-md-4\"><h3 class=\"h6 text-dark\">Gi\u00e1 loa KienlongBank nh\u01b0 th\u1ebf n\u00e0o?<\/h3><p class=\"text-dark-50\">Loa KienlongBank c\u00f3 gi\u00e1 640.000 \u0111, mi\u1ec5n ph\u00ed thu\u00ea bao n\u0103m th\u1ee9 nh\u1ea5t. N\u0103m th\u1ee9 hai ph\u00ed thu\u00ea bao s\u1ebd l\u00e0 19.000\u0111\/th\u00e1ng, ngo\u00e0i ra kh\u00f4ng ph\u00e1t sinh b\u1ea5t k\u1ef3 chi ph\u00ed n\u00e0o trong qu\u00e1 tr\u00ecnh s\u1eed d\u1ee5ng nh\u01b0: ph\u00ed r\u00fat ti\u1ec1n, ph\u00ed giao d\u1ecbch,&#8230;.<\/p><\/div><\/div><\/div><div class=\"col-md-6 mb-5 \"><div class=\"\"><div class=\"pl-md-4\"><h3 class=\"h6 text-dark\">S\u1ea3n ph\u1ea9m loa KienlongBank kh\u00e1c g\u00ec c\u00e1c s\u1ea3n ph\u1ea9m tr\u00ean th\u1ecb tr\u01b0\u1eddng?<\/h3><p class=\"text-dark-50\">Loa KienlongBank cho ph\u00e9p nh\u1eadn ti\u1ec1n tr\u1ef1c ti\u1ebfp v\u1ec1 t\u00e0i kho\u1ea3n, kh\u00f4ng qua trung gian, \u0111\u1ed3ng th\u1eddi kh\u00e1ch h\u00e0ng s\u1ebd nh\u1eadn \u0111\u01b0\u1ee3c nhi\u1ec1u ch\u01b0\u01a1ng tr\u00ecnh tr\u1ee3 gi\u00e1 t\u1eeb ng\u00e2n h\u00e0ng khi s\u1eed d\u1ee5ng s\u1ea3n ph\u1ea9m.<\/p><\/div><\/div><\/div><div class=\"col-md-6 mb-5 \"><div class=\"\"><div class=\"pr-md-4\"><h3 class=\"h6 text-dark\">C\u00f4ng d\u1ee5ng c\u1ee7a loa thanh to\u00e1n KienlongBank l\u00e0 g\u00ec?<\/h3><p class=\"text-dark-50\">Loa KienlongBank \u0111\u1ecdc to s\u1ed1 ti\u1ec1n m\u00e0 kh\u00e1ch h\u00e0ng chuy\u1ec3n kho\u1ea3n khi giao d\u1ecbch th\u00e0nh c\u00f4ng. Gi\u00fap ch\u1ee7 qu\u00e1n\/nh\u00e2n vi\u00ean x\u00e1c th\u1ef1c kh\u00e1ch h\u00e0ng chuy\u1ec3n kho\u1ea3n m\u1ed9t c\u00e1ch t\u1ef1 \u0111\u1ed9ng m\u00e0 kh\u00f4ng c\u1ea7n ki\u1ec3m tra t\u00e0i kho\u1ea3n.<\/p><\/div><\/div><\/div><div class=\"col-md-6 mb-5 \"><div class=\"\"><div class=\"pl-md-4\"><h3 class=\"h6 text-dark\">Loa KienlongBank c\u00e0i \u0111\u1eb7t th\u1ebf n\u00e0o?<\/h3><p class=\"text-dark-50\">Loa KienlongBank \u0111\u01b0\u1ee3c thi\u1ebft k\u1ebf v\u00f4 c\u00f9ng \u0111\u01a1n gi\u1ea3n, kh\u00e1ch h\u00e0ng c\u00f3 th\u1ec3 thao t\u00e1c ngay t\u1ea1i nh\u00e0 theo h\u01b0\u1edbng d\u1eabn: <\/p><\/div><\/div><\/div><div class=\"col-md-6  \"><div class=\"\"><div class=\"pr-md-4\"><h3 class=\"h6 text-dark\">Ch\u00ednh s\u00e1ch b\u1ea3o h\u00e0nh c\u1ee7a loa nh\u01b0 th\u1ebf n\u00e0o?<\/h3><p class=\"text-dark-50\">B\u1ea3o h\u00e0nh 1 \u0111\u1ed5i 1 trong 01 n\u0103m, b\u1ea3o h\u00e0nh pin trong 06 th\u00e1ng, h\u1ed7 tr\u1ee3 \u0111\u1ed5i tr\u1ea3 t\u1eadn n\u01a1i cho kh\u00e1ch h\u00e0ng khu v\u1ef1c n\u1ed9i th\u00e0nh H\u00e0 N\u1ed9i v\u00e0 TP HCM n\u1ebfu thi\u1ebft b\u1ecb x\u00e1c \u0111\u1ecbnh c\u00f3 l\u1ed7i t\u1eeb nh\u00e0 s\u1ea3n xu\u1ea5t.<\/p><\/div><\/div><\/div><div class=\"col-md-6  \"><div class=\"\"><div class=\"pl-md-4\"><h3 class=\"h6 text-dark\">S\u1ea3n ph\u1ea9m loa KienlongBank c\u1ee7a ai?<\/h3><p class=\"text-dark-50\">Loa X KienlongBank l\u00e0 d\u1ef1 \u00e1n h\u1ee3p t\u00e1c gi\u1eefa Ng\u00e2n h\u00e0ng Th\u01b0\u01a1ng m\u1ea1i C\u1ed5 ph\u1ea7n Ki\u00ean Long (KienlongBank) &amp; C\u00f4ng Ty TNHH CASSO<\/p><\/div><\/div><\/div><\/div><\/div><div class=\"w-80 mx-auto\"><hr class=\"my-0\"\/><\/div><\/div><\/div>\n\n\n\n<p><\/p>\n","protected":false},"excerpt":{"rendered":"<p>M\u1ed9t chi\u1ebfc loa &#8220;n\u1ed3i \u0111\u1ed3ng c\u1ed1i \u0111\u00e1&#8221;<\/p>\n","protected":false},"author":3,"featured_media":0,"parent":0,"menu_order":0,"comment_status":"closed","ping_status":"closed","template":"","meta":{"_front_options":"{\"isCustomHeader\":true,\"headerStaticContentID\":22,\"isCustomFooter\":true,\"footerStaticContentID\":24,\"disableContainer\":true,\"hidePageHeader\":true}","footnotes":""},"class_list":["post-5","page","type-page","status-publish","hentry"],"yoast_head":"<!-- This site is optimized with the Yoast SEO plugin v23.5 - https:\/\/yoast.com\/wordpress\/plugins\/seo\/ -->\n<title>Trang ch\u1ee7 - Loa KienlongBank<\/title>\n<meta name=\"robots\" content=\"index, follow, max-snippet:-1, max-image-preview:large, max-video-preview:-1\" \/>\n<link rel=\"canonical\" href=\"https:\/\/loax.vn\/kienlongbank\/\" \/>\n<meta property=\"og:locale\" content=\"vi_VN\" \/>\n<meta property=\"og:type\" content=\"article\" \/>\n<meta property=\"og:title\" content=\"Trang ch\u1ee7 - Loa KienlongBank\" \/>\n<meta property=\"og:description\" content=\"M\u1ed9t chi\u1ebfc loa &#8220;n\u1ed3i \u0111\u1ed3ng c\u1ed1i \u0111\u00e1&#8221;\" \/>\n<meta property=\"og:url\" content=\"https:\/\/loax.vn\/kienlongbank\/\" \/>\n<meta property=\"og:site_name\" content=\"Loa KienlongBank\" \/>\n<meta property=\"article:modified_time\" content=\"2025-04-26T07:17:09+00:00\" \/>\n<meta property=\"og:image\" content=\"https:\/\/loax.vn\/kienlongbank\/wp-content\/uploads\/sites\/8\/2025\/01\/Group-1000005856-1.png\" \/>\n<meta name=\"twitter:card\" content=\"summary_large_image\" \/>\n<meta name=\"twitter:label1\" content=\"\u01af\u1edbc t\u00ednh th\u1eddi gian \u0111\u1ecdc\" \/>\n\t<meta name=\"twitter:data1\" content=\"5 ph\u00fat\" \/>\n<script type=\"application\/ld+json\" class=\"yoast-schema-graph\">{\"@context\":\"https:\/\/schema.org\",\"@graph\":[{\"@type\":\"WebPage\",\"@id\":\"https:\/\/loax.vn\/kienlongbank\/\",\"url\":\"https:\/\/loax.vn\/kienlongbank\/\",\"name\":\"Trang ch\u1ee7 - Loa KienlongBank\",\"isPartOf\":{\"@id\":\"https:\/\/loax.vn\/kienlongbank\/#website\"},\"primaryImageOfPage\":{\"@id\":\"https:\/\/loax.vn\/kienlongbank\/#primaryimage\"},\"image\":{\"@id\":\"https:\/\/loax.vn\/kienlongbank\/#primaryimage\"},\"thumbnailUrl\":\"https:\/\/loax.vn\/kienlongbank\/wp-content\/uploads\/sites\/8\/2025\/01\/Group-1000005856-1.png\",\"datePublished\":\"2025-01-16T07:44:13+00:00\",\"dateModified\":\"2025-04-26T07:17:09+00:00\",\"breadcrumb\":{\"@id\":\"https:\/\/loax.vn\/kienlongbank\/#breadcrumb\"},\"inLanguage\":\"vi\",\"potentialAction\":[{\"@type\":\"ReadAction\",\"target\":[\"https:\/\/loax.vn\/kienlongbank\/\"]}]},{\"@type\":\"ImageObject\",\"inLanguage\":\"vi\",\"@id\":\"https:\/\/loax.vn\/kienlongbank\/#primaryimage\",\"url\":\"https:\/\/loax.vn\/kienlongbank\/wp-content\/uploads\/sites\/8\/2025\/01\/Group-1000005856-1.png\",\"contentUrl\":\"https:\/\/loax.vn\/kienlongbank\/wp-content\/uploads\/sites\/8\/2025\/01\/Group-1000005856-1.png\",\"width\":1405,\"height\":1129},{\"@type\":\"BreadcrumbList\",\"@id\":\"https:\/\/loax.vn\/kienlongbank\/#breadcrumb\",\"itemListElement\":[{\"@type\":\"ListItem\",\"position\":1,\"name\":\"Trang ch\u1ee7\",\"item\":\"https:\/\/loax.vn\/kienlongbank\/\"},{\"@type\":\"ListItem\",\"position\":2,\"name\":\"Trang ch\u1ee7\"}]},{\"@type\":\"WebSite\",\"@id\":\"https:\/\/loax.vn\/kienlongbank\/#website\",\"url\":\"https:\/\/loax.vn\/kienlongbank\/\",\"name\":\"Loa KienlongBank\",\"description\":\"\",\"potentialAction\":[{\"@type\":\"SearchAction\",\"target\":{\"@type\":\"EntryPoint\",\"urlTemplate\":\"https:\/\/loax.vn\/kienlongbank\/?s={search_term_string}\"},\"query-input\":{\"@type\":\"PropertyValueSpecification\",\"valueRequired\":true,\"valueName\":\"search_term_string\"}}],\"inLanguage\":\"vi\"}]}<\/script>\n<!-- \/ Yoast SEO plugin. -->","yoast_head_json":{"title":"Trang ch\u1ee7 - Loa KienlongBank","robots":{"index":"index","follow":"follow","max-snippet":"max-snippet:-1","max-image-preview":"max-image-preview:large","max-video-preview":"max-video-preview:-1"},"canonical":"https:\/\/loax.vn\/kienlongbank\/","og_locale":"vi_VN","og_type":"article","og_title":"Trang ch\u1ee7 - Loa KienlongBank","og_description":"M\u1ed9t chi\u1ebfc loa &#8220;n\u1ed3i \u0111\u1ed3ng c\u1ed1i \u0111\u00e1&#8221;","og_url":"https:\/\/loax.vn\/kienlongbank\/","og_site_name":"Loa KienlongBank","article_modified_time":"2025-04-26T07:17:09+00:00","og_image":[{"url":"https:\/\/loax.vn\/kienlongbank\/wp-content\/uploads\/sites\/8\/2025\/01\/Group-1000005856-1.png"}],"twitter_card":"summary_large_image","twitter_misc":{"\u01af\u1edbc t\u00ednh th\u1eddi gian \u0111\u1ecdc":"5 ph\u00fat"},"schema":{"@context":"https:\/\/schema.org","@graph":[{"@type":"WebPage","@id":"https:\/\/loax.vn\/kienlongbank\/","url":"https:\/\/loax.vn\/kienlongbank\/","name":"Trang ch\u1ee7 - Loa KienlongBank","isPartOf":{"@id":"https:\/\/loax.vn\/kienlongbank\/#website"},"primaryImageOfPage":{"@id":"https:\/\/loax.vn\/kienlongbank\/#primaryimage"},"image":{"@id":"https:\/\/loax.vn\/kienlongbank\/#primaryimage"},"thumbnailUrl":"https:\/\/loax.vn\/kienlongbank\/wp-content\/uploads\/sites\/8\/2025\/01\/Group-1000005856-1.png","datePublished":"2025-01-16T07:44:13+00:00","dateModified":"2025-04-26T07:17:09+00:00","breadcrumb":{"@id":"https:\/\/loax.vn\/kienlongbank\/#breadcrumb"},"inLanguage":"vi","potentialAction":[{"@type":"ReadAction","target":["https:\/\/loax.vn\/kienlongbank\/"]}]},{"@type":"ImageObject","inLanguage":"vi","@id":"https:\/\/loax.vn\/kienlongbank\/#primaryimage","url":"https:\/\/loax.vn\/kienlongbank\/wp-content\/uploads\/sites\/8\/2025\/01\/Group-1000005856-1.png","contentUrl":"https:\/\/loax.vn\/kienlongbank\/wp-content\/uploads\/sites\/8\/2025\/01\/Group-1000005856-1.png","width":1405,"height":1129},{"@type":"BreadcrumbList","@id":"https:\/\/loax.vn\/kienlongbank\/#breadcrumb","itemListElement":[{"@type":"ListItem","position":1,"name":"Trang ch\u1ee7","item":"https:\/\/loax.vn\/kienlongbank\/"},{"@type":"ListItem","position":2,"name":"Trang ch\u1ee7"}]},{"@type":"WebSite","@id":"https:\/\/loax.vn\/kienlongbank\/#website","url":"https:\/\/loax.vn\/kienlongbank\/","name":"Loa KienlongBank","description":"","potentialAction":[{"@type":"SearchAction","target":{"@type":"EntryPoint","urlTemplate":"https:\/\/loax.vn\/kienlongbank\/?s={search_term_string}"},"query-input":{"@type":"PropertyValueSpecification","valueRequired":true,"valueName":"search_term_string"}}],"inLanguage":"vi"}]}},"_links":{"self":[{"href":"https:\/\/loax.vn\/kienlongbank\/wp-json\/wp\/v2\/pages\/5"}],"collection":[{"href":"https:\/\/loax.vn\/kienlongbank\/wp-json\/wp\/v2\/pages"}],"about":[{"href":"https:\/\/loax.vn\/kienlongbank\/wp-json\/wp\/v2\/types\/page"}],"author":[{"embeddable":true,"href":"https:\/\/loax.vn\/kienlongbank\/wp-json\/wp\/v2\/users\/3"}],"replies":[{"embeddable":true,"href":"https:\/\/loax.vn\/kienlongbank\/wp-json\/wp\/v2\/comments?post=5"}],"version-history":[{"count":15,"href":"https:\/\/loax.vn\/kienlongbank\/wp-json\/wp\/v2\/pages\/5\/revisions"}],"predecessor-version":[{"id":85,"href":"https:\/\/loax.vn\/kienlongbank\/wp-json\/wp\/v2\/pages\/5\/revisions\/85"}],"wp:attachment":[{"href":"https:\/\/loax.vn\/kienlongbank\/wp-json\/wp\/v2\/media?parent=5"}],"curies":[{"name":"wp","href":"https:\/\/api.w.org\/{rel}","templated":true}]}}