{"id":48,"date":"2024-10-07T15:52:53","date_gmt":"2024-10-07T15:52:53","guid":{"rendered":"https:\/\/loathanhtoan.vn\/bidv\/?page_id=48"},"modified":"2024-11-19T10:27:16","modified_gmt":"2024-11-19T10:27:16","slug":"hdsd","status":"publish","type":"page","link":"https:\/\/loax.vn\/bidv\/hdsd\/","title":{"rendered":"H\u01b0\u1edbng d\u1eabn s\u1eed d\u1ee5ng"},"content":{"rendered":"\n<div id=\"homeSection\" class=\"border-bottom hero-fancybox bg-white\"><div class=\"container text-center space-top-2 space-top-md-4 space-top-lg-3\"><div class=\"w-md-75 mx-md-auto mb-5\"><h1 class=\"text-dark display-4 font-size-md-down-5 font-weight-medium mb-3\">H\u01b0\u1edbng d\u1eabn t\u1ef1 tri\u1ec3n khai <br><span style=\"color:#006b68\" class=\"fgb-has-inline-color\">Loa X BIDV<\/span><\/h1><p class=\"text-secondary lead\">C\u00e1c b\u1ea1n c\u00f3 th\u1ec3 t\u1ef1 c\u00e0i \u0111\u1eb7t Loa thanh to\u00e1n cho c\u1eeda h\u00e0ng c\u1ee7a m\u00ecnh ch\u1ec9 v\u1edbi 15 ph\u00fat!<\/p><\/div><div class=\"mb-9 d-flex align-items-center justify-content-center\"><a href=\"https:\/\/youtu.be\/LVe3lP8iexc?si=MwdrROwJOmU7mKIZ\" class=\"justify-content-center fgb-button btn fgb-button--align-center btn-primary btn-wide transition-3d-hover btn-pill\"><div class=\"fgb-button--inner\">Xem video h\u01b0\u1edbng d\u1eabn<\/div><\/a><\/div><\/div><\/div>\n\n\n\n<div id=\"whatWeDoSection\" class=\"container space-2 space-lg-3\"><div class=\"row mb-9\"><div class=\"col-sm-6 col-md-4 mb-7\"><div class=\"media align-items-center mb-2\"><figure class=\"ie-height-40 w-100 max-width-6 mr-3\"><img decoding=\"async\" class=\"js-svg-injector\" alt=\"SVG\" src=\"https:\/\/loax.vn\/bidv\/wp-content\/themes\/front\/assets\/svg\/icons\/icon-1.svg\" \/><\/figure><div class=\"media-body\"><h4 class=\"fgb-icon-blocks-la__name d-block h6 mb-0\">1\/ Mua thi\u1ebft b\u1ecb<\/h4><\/div><\/div><p class=\"fgb-icon-blocks-la__description \">B\u1ea1n c\u00f3 th\u1ec3 \u0111\u1eb7t mua tr\u1ef1c tuy\u1ebfn t\u1ea1i <a href=\"https:\/\/memoryzone.com.vn\/loa-thanh-toan-bidv?srsltid=AfmBOopRDWA6m1ZnL3iD5nrK8EYVsa_NsxQgT69m60xV3UZPkh2ankz3\" target=\"_blank\" rel=\"noreferrer noopener\">website<\/a> ho\u1eb7c mua tr\u1ef1c ti\u1ebfp t\u1ea1i c\u00e1c c\u1eeda h\u00e0ng c\u1ee7a Memory Zone<\/p><\/div> <div class=\"col-sm-6 col-md-4 mb-7\"><div class=\"media align-items-center mb-2\"><figure class=\"ie-height-40 w-100 max-width-6 mr-3\"><img decoding=\"async\" class=\"js-svg-injector\" alt=\"SVG\" src=\"https:\/\/loax.vn\/bidv\/wp-content\/themes\/front\/assets\/svg\/icons\/icon-26.svg\" \/><\/figure><div class=\"media-body\"><h4 class=\"fgb-icon-blocks-la__name d-block h6 mb-0\">2\/ \u0110\u1eadp h\u1ed9p &amp; ki\u1ec3m tra thi\u1ebft b\u1ecb<\/h4><\/div><\/div><p class=\"fgb-icon-blocks-la__description \">Loa X BIDV s\u1ebd bao g\u1ed3m:<br>&#8211; B\u1ed9 thi\u1ebft b\u1ecb Loa<br>&#8211; M\u1ed9t Sim 3G \u0111\u00e3 g\u1eafn v\u00e0o Loa.<br>&#8211; M\u1ed9t b\u1ea3ng Mica ch\u1ee9a m\u00e3 QR<br>&#8211; M\u1ed9t d\u00e2y s\u1ea1c Type C<\/p><\/div> <div class=\"col-sm-6 col-md-4 mb-7 mb-md-0\"><div class=\"media align-items-center mb-2\"><figure class=\"ie-height-40 w-100 max-width-6 mr-3\"><img decoding=\"async\" class=\"js-svg-injector\" alt=\"SVG\" src=\"https:\/\/loax.vn\/bidv\/wp-content\/themes\/front\/assets\/svg\/icons\/icon-37.svg\" \/><\/figure><div class=\"media-body\"><h4 class=\"fgb-icon-blocks-la__name d-block h6 mb-0\">3\/ App Loa X<\/h4><\/div><\/div><p class=\"fgb-icon-blocks-la__description \">B\u1ea1n c\u1ea7n c\u00e0i \u0111\u1eb7t \u1ee9ng d\u1ee5ng Loa X \u0111\u1ec3 qu\u1ea3n l\u00fd c\u1ea5u h\u00ecnh cho thi\u1ebft b\u1ecb.<br>App Loa X c\u00f3 th\u1ec3 t\u1ea3i v\u1ec1 t\u1eeb <a href=\"https:\/\/play.google.com\/store\/apps\/details?id=com.loathanhtoan.merchant\">Google Play <\/a>ho\u1eb7c <a href=\"https:\/\/apps.apple.com\/vn\/app\/loa-thanh-to%C3%A1n-vietqr\/id6553972954\">Apple Appstore<\/a><\/p><\/div> <div class=\"col-sm-6 col-md-4 mb-7 mb-md-0\"><div class=\"media align-items-center mb-2\"><figure class=\"ie-height-40 w-100 max-width-6 mr-3\"><img decoding=\"async\" class=\"js-svg-injector\" alt=\"SVG\" src=\"https:\/\/loax.vn\/bidv\/wp-content\/themes\/front\/assets\/svg\/icons\/icon-37.svg\" \/><\/figure><div class=\"media-body\"><h4 class=\"fgb-icon-blocks-la__name d-block h6 mb-0\">4\/ \u0110\u0103ng k\u00ed t\u00e0i kho\u1ea3n App<\/h4><\/div><\/div><p class=\"fgb-icon-blocks-la__description \">B\u1ea1n c\u1ea7n \u0111\u0103ng k\u00ed m\u1ed9t t\u00e0i kho\u1ea3n b\u1eb1ng SDT tr\u00ean App.<br>L\u01b0u \u00fd: B\u1ea1n ph\u1ea3i d\u00f9ng s\u1ed1 \u0111i\u1ec7n tho\u1ea1i ch\u00ednh ch\u1ee7 \u0111\u00e3 \u0111\u0103ng k\u00ed t\u1ea1i ng\u00e2n h\u00e0ng BIDV \u0111\u1ec3 \u0111\u0103ng k\u00ed t\u00e0i kho\u1ea3n!<\/p><\/div> <div class=\"col-sm-6 col-md-4 mb-7 mb-md-0\"><div class=\"media align-items-center mb-2\"><figure class=\"ie-height-40 w-100 max-width-6 mr-3\"><img decoding=\"async\" class=\"js-svg-injector\" alt=\"SVG\" src=\"https:\/\/loax.vn\/bidv\/wp-content\/themes\/front\/assets\/svg\/icons\/icon-5.svg\" \/><\/figure><div class=\"media-body\"><h4 class=\"fgb-icon-blocks-la__name d-block h6 mb-0\">5\/ Li\u00ean k\u1ebft Loa v\u00e0o App<\/h4><\/div><\/div><p class=\"fgb-icon-blocks-la__description \">Ch\u1ecdn &#8220;Th\u00eam thi\u1ebft b\u1ecb&#8221;, sau \u0111\u00f3 qu\u00e9t m\u00e3 QR tr\u00ean mica.<br>Sau khi qu\u00e9t loa s\u1ebd ph\u00e1t l\u00ean m\u00e3 OTP \u0111\u1ec3 b\u1ea1n nh\u1eadp v\u00e0o.<br>Ti\u1ebfp theo, b\u1ea1n ti\u1ebfn h\u00e0nh li\u00ean k\u1ebft ng\u00e2n h\u00e0ng.<\/p><\/div> <div class=\"col-sm-6 col-md-4\"><div class=\"media align-items-center mb-2\"><figure class=\"ie-height-40 w-100 max-width-6 mr-3\"><img decoding=\"async\" class=\"js-svg-injector\" alt=\"SVG\" src=\"https:\/\/loax.vn\/bidv\/wp-content\/themes\/front\/assets\/svg\/icons\/icon-28.svg\" \/><\/figure><div class=\"media-body\"><h4 class=\"fgb-icon-blocks-la__name d-block h6 mb-0\">6\/ K\u1ebft n\u1ed1i t\u00e0i kho\u1ea3n nh\u1eadn ti\u1ec1n v\u1edbi Loa<\/h4><\/div><\/div><p class=\"fgb-icon-blocks-la__description \">M\u1ed7i t\u00e0i kho\u1ea3n ng\u00e2n h\u00e0ng t\u1ea1i BIDV b\u1ea1n c\u00f3 th\u1ec3 li\u00ean k\u1ebft kh\u00f4ng gi\u1edbi h\u1ea1n v\u1edbi c\u00e1c loa thanh to\u00e1n kh\u00e1c nhau.<br>Sau khi li\u00ean k\u1ebft t\u00e0i kho\u1ea3n th\u00e0nh c\u00f4ng b\u1ea1n ti\u1ebfn h\u00e0nh t\u1ea1o th\u00f4ng tin c\u1eeda h\u00e0ng.<\/p><\/div> <\/div><div class=\"text-center\"><div class=\"mb-3 d-flex justify-content-center\"><a href=\"https:\/\/youtu.be\/LVe3lP8iexc?si=MwdrROwJOmU7mKIZ\" class=\"fgb-button btn fgb-button--align-center btn-outline-primary false btn-wide btn-sm-wide transition-3d-hover default mb-2 mb-sm-0 mx-1\"><div class=\"fgb-button--inner\">Xem video h\u01b0\u1edbng d\u1eabn<\/div><span class=\"fab fa-youtube ml-2 ml-sm-1\"><\/span><\/a><a href=\"https:\/\/loax.vn\/bidv\/app-loa-thanh-toan\/\" class=\"fgb-button btn fgb-button--align-center btn-primary false btn-wide btn-sm-wide transition-3d-hover default mb-2 mb-sm-0 mx-1\"><div class=\"fgb-button--inner\">T\u1ea3i App<\/div><span class=\" fa-2 ml-sm-1\"><\/span><\/a><\/div><p class=\"small\">Start free trial. * No credit card required.<\/p><\/div><\/div>\n\n\n\n<p><em><strong>N\u1ebfu c\u00f3 b\u1ea5t k\u1ef3 th\u1eafc m\u1eafc hay v\u1ea5n \u0111\u1ec1 n\u00e0o khi li\u00ean k\u1ebft vui l\u00f2ng li\u00ean h\u1ec7 v\u1edbi ch\u00fang t\u00f4i qua\u00a0<a href=\"https:\/\/zalo.me\/1631074511798464501\">zalo<\/a>\u00a0\u0111\u1ec3 \u0111\u01b0\u1ee3c h\u1ed7 tr\u1ee3!<\/strong><\/em><\/p>\n\n\n\n<p><\/p>\n","protected":false},"excerpt":{"rendered":"<p>N\u1ebfu c\u00f3 b\u1ea5t k\u1ef3 th\u1eafc m\u1eafc hay v\u1ea5n \u0111\u1ec1 n\u00e0o khi li\u00ean k\u1ebft vui l\u00f2ng li\u00ean h\u1ec7 v\u1edbi ch\u00fang t\u00f4i qua\u00a0zalo\u00a0\u0111\u1ec3 \u0111\u01b0\u1ee3c h\u1ed7 tr\u1ee3!<\/p>\n","protected":false},"author":3,"featured_media":0,"parent":0,"menu_order":0,"comment_status":"closed","ping_status":"closed","template":"","meta":{"_front_options":"{\"disableContainer\":false,\"hidePageHeader\":true,\"isCustomHeader\":true,\"headerStaticContentID\":82,\"isCustomFooter\":true,\"footerStaticContentID\":86}","footnotes":""},"class_list":["post-48","page","type-page","status-publish","hentry"],"yoast_head":"<!-- This site is optimized with the Yoast SEO plugin v23.5 - https:\/\/yoast.com\/wordpress\/plugins\/seo\/ -->\n<title>H\u01b0\u1edbng d\u1eabn s\u1eed d\u1ee5ng - Loa X BIDV<\/title>\n<meta name=\"robots\" content=\"index, follow, max-snippet:-1, max-image-preview:large, max-video-preview:-1\" \/>\n<link rel=\"canonical\" href=\"https:\/\/loax.vn\/bidv\/hdsd\/\" \/>\n<meta property=\"og:locale\" content=\"en_US\" \/>\n<meta property=\"og:type\" content=\"article\" \/>\n<meta property=\"og:title\" content=\"H\u01b0\u1edbng d\u1eabn s\u1eed d\u1ee5ng - Loa X BIDV\" \/>\n<meta property=\"og:description\" content=\"N\u1ebfu c\u00f3 b\u1ea5t k\u1ef3 th\u1eafc m\u1eafc hay v\u1ea5n \u0111\u1ec1 n\u00e0o khi li\u00ean k\u1ebft vui l\u00f2ng li\u00ean h\u1ec7 v\u1edbi ch\u00fang t\u00f4i qua\u00a0zalo\u00a0\u0111\u1ec3 \u0111\u01b0\u1ee3c h\u1ed7 tr\u1ee3!\" \/>\n<meta property=\"og:url\" content=\"https:\/\/loax.vn\/bidv\/hdsd\/\" \/>\n<meta property=\"og:site_name\" content=\"Loa X BIDV\" \/>\n<meta property=\"article:modified_time\" content=\"2024-11-19T10:27:16+00:00\" \/>\n<meta property=\"og:image\" content=\"https:\/\/loax.vn\/bidv\/wp-content\/themes\/front\/assets\/svg\/icons\/icon-1.svg\" \/>\n<meta name=\"twitter:card\" content=\"summary_large_image\" \/>\n<meta name=\"twitter:label1\" content=\"Est. reading time\" \/>\n\t<meta name=\"twitter:data1\" content=\"3 minutes\" \/>\n<script type=\"application\/ld+json\" class=\"yoast-schema-graph\">{\"@context\":\"https:\/\/schema.org\",\"@graph\":[{\"@type\":\"WebPage\",\"@id\":\"https:\/\/loax.vn\/bidv\/hdsd\/\",\"url\":\"https:\/\/loax.vn\/bidv\/hdsd\/\",\"name\":\"H\u01b0\u1edbng d\u1eabn s\u1eed d\u1ee5ng - Loa X BIDV\",\"isPartOf\":{\"@id\":\"https:\/\/loax.vn\/bidv\/#website\"},\"primaryImageOfPage\":{\"@id\":\"https:\/\/loax.vn\/bidv\/hdsd\/#primaryimage\"},\"image\":{\"@id\":\"https:\/\/loax.vn\/bidv\/hdsd\/#primaryimage\"},\"thumbnailUrl\":\"https:\/\/loax.vn\/bidv\/wp-content\/themes\/front\/assets\/svg\/icons\/icon-1.svg\",\"datePublished\":\"2024-10-07T15:52:53+00:00\",\"dateModified\":\"2024-11-19T10:27:16+00:00\",\"breadcrumb\":{\"@id\":\"https:\/\/loax.vn\/bidv\/hdsd\/#breadcrumb\"},\"inLanguage\":\"en-US\",\"potentialAction\":[{\"@type\":\"ReadAction\",\"target\":[\"https:\/\/loax.vn\/bidv\/hdsd\/\"]}]},{\"@type\":\"ImageObject\",\"inLanguage\":\"en-US\",\"@id\":\"https:\/\/loax.vn\/bidv\/hdsd\/#primaryimage\",\"url\":\"https:\/\/loax.vn\/bidv\/wp-content\/themes\/front\/assets\/svg\/icons\/icon-1.svg\",\"contentUrl\":\"https:\/\/loax.vn\/bidv\/wp-content\/themes\/front\/assets\/svg\/icons\/icon-1.svg\"},{\"@type\":\"BreadcrumbList\",\"@id\":\"https:\/\/loax.vn\/bidv\/hdsd\/#breadcrumb\",\"itemListElement\":[{\"@type\":\"ListItem\",\"position\":1,\"name\":\"Trang ch\u1ee7\",\"item\":\"https:\/\/loax.vn\/bidv\/\"},{\"@type\":\"ListItem\",\"position\":2,\"name\":\"H\u01b0\u1edbng d\u1eabn s\u1eed d\u1ee5ng\"}]},{\"@type\":\"WebSite\",\"@id\":\"https:\/\/loax.vn\/bidv\/#website\",\"url\":\"https:\/\/loax.vn\/bidv\/\",\"name\":\"Loa X BIDV\",\"description\":\"Loa BIDV\",\"potentialAction\":[{\"@type\":\"SearchAction\",\"target\":{\"@type\":\"EntryPoint\",\"urlTemplate\":\"https:\/\/loax.vn\/bidv\/?s={search_term_string}\"},\"query-input\":{\"@type\":\"PropertyValueSpecification\",\"valueRequired\":true,\"valueName\":\"search_term_string\"}}],\"inLanguage\":\"en-US\"}]}<\/script>\n<!-- \/ Yoast SEO plugin. -->","yoast_head_json":{"title":"H\u01b0\u1edbng d\u1eabn s\u1eed d\u1ee5ng - Loa X BIDV","robots":{"index":"index","follow":"follow","max-snippet":"max-snippet:-1","max-image-preview":"max-image-preview:large","max-video-preview":"max-video-preview:-1"},"canonical":"https:\/\/loax.vn\/bidv\/hdsd\/","og_locale":"en_US","og_type":"article","og_title":"H\u01b0\u1edbng d\u1eabn s\u1eed d\u1ee5ng - Loa X BIDV","og_description":"N\u1ebfu c\u00f3 b\u1ea5t k\u1ef3 th\u1eafc m\u1eafc hay v\u1ea5n \u0111\u1ec1 n\u00e0o khi li\u00ean k\u1ebft vui l\u00f2ng li\u00ean h\u1ec7 v\u1edbi ch\u00fang t\u00f4i qua\u00a0zalo\u00a0\u0111\u1ec3 \u0111\u01b0\u1ee3c h\u1ed7 tr\u1ee3!","og_url":"https:\/\/loax.vn\/bidv\/hdsd\/","og_site_name":"Loa X BIDV","article_modified_time":"2024-11-19T10:27:16+00:00","og_image":[{"url":"https:\/\/loax.vn\/bidv\/wp-content\/themes\/front\/assets\/svg\/icons\/icon-1.svg"}],"twitter_card":"summary_large_image","twitter_misc":{"Est. reading time":"3 minutes"},"schema":{"@context":"https:\/\/schema.org","@graph":[{"@type":"WebPage","@id":"https:\/\/loax.vn\/bidv\/hdsd\/","url":"https:\/\/loax.vn\/bidv\/hdsd\/","name":"H\u01b0\u1edbng d\u1eabn s\u1eed d\u1ee5ng - Loa X BIDV","isPartOf":{"@id":"https:\/\/loax.vn\/bidv\/#website"},"primaryImageOfPage":{"@id":"https:\/\/loax.vn\/bidv\/hdsd\/#primaryimage"},"image":{"@id":"https:\/\/loax.vn\/bidv\/hdsd\/#primaryimage"},"thumbnailUrl":"https:\/\/loax.vn\/bidv\/wp-content\/themes\/front\/assets\/svg\/icons\/icon-1.svg","datePublished":"2024-10-07T15:52:53+00:00","dateModified":"2024-11-19T10:27:16+00:00","breadcrumb":{"@id":"https:\/\/loax.vn\/bidv\/hdsd\/#breadcrumb"},"inLanguage":"en-US","potentialAction":[{"@type":"ReadAction","target":["https:\/\/loax.vn\/bidv\/hdsd\/"]}]},{"@type":"ImageObject","inLanguage":"en-US","@id":"https:\/\/loax.vn\/bidv\/hdsd\/#primaryimage","url":"https:\/\/loax.vn\/bidv\/wp-content\/themes\/front\/assets\/svg\/icons\/icon-1.svg","contentUrl":"https:\/\/loax.vn\/bidv\/wp-content\/themes\/front\/assets\/svg\/icons\/icon-1.svg"},{"@type":"BreadcrumbList","@id":"https:\/\/loax.vn\/bidv\/hdsd\/#breadcrumb","itemListElement":[{"@type":"ListItem","position":1,"name":"Trang ch\u1ee7","item":"https:\/\/loax.vn\/bidv\/"},{"@type":"ListItem","position":2,"name":"H\u01b0\u1edbng d\u1eabn s\u1eed d\u1ee5ng"}]},{"@type":"WebSite","@id":"https:\/\/loax.vn\/bidv\/#website","url":"https:\/\/loax.vn\/bidv\/","name":"Loa X BIDV","description":"Loa BIDV","potentialAction":[{"@type":"SearchAction","target":{"@type":"EntryPoint","urlTemplate":"https:\/\/loax.vn\/bidv\/?s={search_term_string}"},"query-input":{"@type":"PropertyValueSpecification","valueRequired":true,"valueName":"search_term_string"}}],"inLanguage":"en-US"}]}},"_links":{"self":[{"href":"https:\/\/loax.vn\/bidv\/wp-json\/wp\/v2\/pages\/48"}],"collection":[{"href":"https:\/\/loax.vn\/bidv\/wp-json\/wp\/v2\/pages"}],"about":[{"href":"https:\/\/loax.vn\/bidv\/wp-json\/wp\/v2\/types\/page"}],"author":[{"embeddable":true,"href":"https:\/\/loax.vn\/bidv\/wp-json\/wp\/v2\/users\/3"}],"replies":[{"embeddable":true,"href":"https:\/\/loax.vn\/bidv\/wp-json\/wp\/v2\/comments?post=48"}],"version-history":[{"count":38,"href":"https:\/\/loax.vn\/bidv\/wp-json\/wp\/v2\/pages\/48\/revisions"}],"predecessor-version":[{"id":144,"href":"https:\/\/loax.vn\/bidv\/wp-json\/wp\/v2\/pages\/48\/revisions\/144"}],"wp:attachment":[{"href":"https:\/\/loax.vn\/bidv\/wp-json\/wp\/v2\/media?parent=48"}],"curies":[{"name":"wp","href":"https:\/\/api.w.org\/{rel}","templated":true}]}}